{"id":1065,"date":"2025-03-13T11:54:49","date_gmt":"2025-03-13T11:54:49","guid":{"rendered":"https:\/\/elpajarrako.com\/?page_id=1065"},"modified":"2025-06-24T07:00:57","modified_gmt":"2025-06-24T07:00:57","slug":"condiciones","status":"publish","type":"page","link":"https:\/\/elpajarrako.com\/en\/condiciones\/","title":{"rendered":"Condiciones"},"content":{"rendered":"<div data-elementor-type=\"wp-page\" data-elementor-id=\"1065\" class=\"elementor elementor-1065\" data-elementor-post-type=\"page\">\n\t\t\t\t<div class=\"elementor-element elementor-element-e8575ff e-flex e-con-boxed e-con e-parent\" data-id=\"e8575ff\" data-element_type=\"container\">\n\t\t\t\t\t<div class=\"e-con-inner\">\n\t\t\t\t<div class=\"elementor-element elementor-element-1e13ea8 elementor-widget elementor-widget-text-editor\" data-id=\"1e13ea8\" data-element_type=\"widget\" data-widget_type=\"text-editor.default\">\n\t\t\t\t<div class=\"elementor-widget-container\">\n\t\t\t\t\t\t\t\t\t<p>Nombre completo: Isaac Laserna<\/p>\n<p>DNI o CIF: 30622887C<\/p>\n<p>Direcci\u00f3n f\u00edsica: Pol. Igeltzera Pab. C4B 48610 Urduliz &#8211; Bizkaia<\/p>\n<p>Email de contacto: <a href=\"mailto:elpajarrako25@gmail.com\" target=\"_blank\" rel=\"noopener\">elpajarrako25@gmail.<wbr>com<\/a><\/p>\n<p><b>Tus Dise\u00f1os:<\/b><\/p>\n<p><span style=\"font-weight: 400;\">En <\/span><b>El Pajarrako<\/b><span style=\"font-weight: 400;\">, sabemos lo importante que es para ti que tu dise\u00f1o se vea perfecto. Para asegurarnos de que el resultado final sea el mejor, es necesario que nos indiques el <\/span><b>tama\u00f1o m\u00e1ximo de impresi\u00f3n<\/b><span style=\"font-weight: 400;\"> para cada prenda antes de realizar tu pedido. Cada tipo de producto tiene diferentes limitaciones de espacio para la impresi\u00f3n, por lo que te aconsejamos consultar las especificaciones de cada prenda para maximizar el impacto visual de tu dise\u00f1o.<\/span><\/p>\n<p><span style=\"font-weight: 400;\">Adem\u00e1s, <\/span><b>la calidad de la impresi\u00f3n depender\u00e1 de la calidad del dise\u00f1o que nos env\u00edes<\/b><span style=\"font-weight: 400;\">. Aseg\u00farate de enviarnos tus archivos en la mejor resoluci\u00f3n posible para garantizar que el producto final sea de alta calidad. \u00a1Nos encargaremos de que tu dise\u00f1o se vea espectacular!<\/span><\/p>\n<p><b>Condiciones de Venta<\/b><\/p>\n<p><span style=\"font-weight: 400;\">Todas las compras realizadas en <\/span><b>www.elpajarrako.com<\/b><span style=\"font-weight: 400;\"> est\u00e1n sujetas a las condiciones generales de compra expuestas en este documento. Las ventas aprobadas son ventas a distancia reguladas por la Ley 47\/2002. <\/span><b>El Pajarrako<\/b><span style=\"font-weight: 400;\"> tiene su domicilio social en&nbsp; <\/span><b>Espa\u00f1a<\/b><span style=\"font-weight: 400;\">.<\/span><\/p>\n<p><span style=\"font-weight: 400;\">En Internet, nos encontrar\u00e1s en nuestra p\u00e1gina web <\/span><b>www.elpajarrako.com<\/b><span style=\"font-weight: 400;\">, donde podr\u00e1s ver los productos y servicios que ofrecemos.<\/span><\/p>\n<p><span style=\"font-weight: 400;\">Todos los pedidos deber\u00e1n realizarse por escrito a trav\u00e9s de <\/span><b>E-mail<\/b><span style=\"font-weight: 400;\"> o en nuestra p\u00e1gina web. De no ser as\u00ed, no nos haremos responsables de las incidencias que puedan originarse. Los productos que aparecen en nuestro cat\u00e1logo pueden sufrir peque\u00f1as modificaciones respecto a la reproducci\u00f3n gr\u00e1fica. Recomendamos solicitar muestras en caso de duda.<\/span><\/p>\n<p><b>El Pajarrako<\/b><span style=\"font-weight: 400;\"> se reserva el derecho de modificar los precios sin previo aviso. Nuestros precios son los vigentes salvo error tipogr\u00e1fico.<\/span><\/p>\n<ol>\n<li><b> Seguridad<\/b><\/li>\n<\/ol>\n<p><span style=\"font-weight: 400;\">Todos los datos proporcionados por los usuarios en <\/span><b>www.elpajarrako.com<\/b><span style=\"font-weight: 400;\"> son encriptados bajo el protocolo SSL (Secure Socket Layers). El servidor seguro establece una conexi\u00f3n cifrada mediante algoritmos de 128 bits, asegurando que la informaci\u00f3n solo sea inteligible para el ordenador del Usuario y el del Sitio Web.<\/span><\/p>\n<ol start=\"2\">\n<li><b> Lista de Precios<\/b><\/li>\n<\/ol>\n<p><span style=\"font-weight: 400;\">Los precios expuestos en las listas de nuestros productos incluyen los costes de personalizaci\u00f3n para una posici\u00f3n de la prenda (pecho, espalda, manga, etc.) en el sistema de impresi\u00f3n digital. Para cualquier otro sistema de impresi\u00f3n (serigraf\u00eda, bordado, impresi\u00f3n digital, etc.) consultar.&nbsp; En el resumen final de compra, se muestra el precio definitivo, incluyendo los impuestos aplicables y los gastos de transportes, seg\u00fan las condiciones del env\u00edo. Para pedidos fuera de Espa\u00f1a, ajustaremos el precio del transporte tras recibir el pedido confirmado.<\/span><\/p>\n<p><b>CONDICIONES DE TRANSPORTE<\/b><span style=\"font-weight: 400;\"><br><\/span><span style=\"font-weight: 400;\">Portes pagados para Espa\u00f1a y Portugal:<\/span><\/p>\n<ul>\n<li style=\"font-weight: 400;\" aria-level=\"1\"><span style=\"font-weight: 400;\">Pen\u00ednsula (Servicio 24\/48 horas) a partir de 350 \u20ac de base imponible.<\/span><\/li>\n<li style=\"font-weight: 400;\" aria-level=\"1\"><span style=\"font-weight: 400;\">Islas Baleares (Servicio 48 horas) a partir de 600 \u20ac de base imponible.&nbsp;<\/span><\/li>\n<li style=\"font-weight: 400;\" aria-level=\"1\"><span style=\"font-weight: 400;\">Islas Canarias (Servicio mar\u00edtimo 6 d\u00edas aprox.) a partir de 600 \u20ac de base imponible.&nbsp;<\/span><\/li>\n<li style=\"font-weight: 400;\" aria-level=\"1\"><span style=\"font-weight: 400;\">Ceuta y Melilla (Servicio 48 horas) a partir de 2000 \u20ac de base imponible.<\/span><\/li>\n<li style=\"font-weight: 400;\" aria-level=\"1\"><b>Condiciones adicionales:<\/b><span style=\"font-weight: 400;\"> No se aceptar\u00e1n reclamaciones por paquetes abiertos o extraviados si no se hace constar la incidencia en el albar\u00e1n de entrega de la agencia de transporte. Los pedidos que no superen los 350 \u20ac de compra ser\u00e1n enviados a portes debidos, y si no se indica un transporte, la mercanc\u00eda ser\u00e1 enviada por nuestra agencia de transportes con el coste correspondiente a la factura.<\/span><\/li>\n<\/ul>\n<ol start=\"3\">\n<li><b> Sistemas de Pago<\/b><\/li>\n<\/ol>\n<p><span style=\"font-weight: 400;\">A continuaci\u00f3n, se detallan los distintos m\u00e9todos de pago disponibles en nuestra tienda virtual:<\/span><\/p>\n<ul>\n<li style=\"font-weight: 400;\" aria-level=\"1\"><b>Transferencia bancaria:<\/b><span style=\"font-weight: 400;\"> El pago debe realizarse mediante transferencia al n\u00famero de cuenta indicado, especificando el c\u00f3digo de pedido. Una vez realizada, se enviar\u00e1 el justificante por e-mail a <\/span><b>elpajarrako25@gmail.com<\/b><span style=\"font-weight: 400;\">. Tenga en cuenta que las transferencias entre bancos distintos pueden tardar varios d\u00edas. <\/span><b>El Pajarrako<\/b><span style=\"font-weight: 400;\"> no enviar\u00e1 la mercanc\u00eda hasta que el pago se haya recibido.<\/span><\/li>\n<li style=\"font-weight: 400;\" aria-level=\"1\"><b>Paypal:<\/b><span style=\"font-weight: 400;\"> Pago r\u00e1pido y seguro a trav\u00e9s de tarjeta de d\u00e9bito, tarjeta de cr\u00e9dito o cuenta bancaria mediante PayPal.<\/span><\/li>\n<li style=\"font-weight: 400;\" aria-level=\"1\"><b>Tarjeta de cr\u00e9dito o d\u00e9bito:<\/b><span style=\"font-weight: 400;\"> Pago a trav\u00e9s de tarjeta bancaria. <\/span><b>El Pajarrako<\/b><span style=\"font-weight: 400;\"> no se responsabiliza de las operaciones de pago y se reserva el derecho de no enviar mercanc\u00eda si se detecta alguna sospecha de fraude.<\/span><\/li>\n<li style=\"font-weight: 400;\" aria-level=\"1\"><b>Bizum:<\/b><span style=\"font-weight: 400;\">&nbsp;<\/span><\/li>\n<\/ul>\n<ol start=\"4\">\n<li><b> Condiciones del Servicio de Personalizaci\u00f3n<\/b><\/li>\n<\/ol>\n<p><span style=\"font-weight: 400;\">Podemos suministrar todos nuestros art\u00edculos personalizados en un plazo aproximado de <\/span><b>10 d\u00edas<\/b><span style=\"font-weight: 400;\"> a partir de la confirmaci\u00f3n del pedido y del dise\u00f1o virtual.&nbsp;<\/span><\/p>\n<ol start=\"5\">\n<li><b> Devoluciones<\/b><\/li>\n<\/ol>\n<p><span style=\"font-weight: 400;\">Para realizar cualquier devoluci\u00f3n, es imprescindible contactar previamente con nuestro Departamento Comercial para validar la reclamaci\u00f3n. No se admitir\u00e1n devoluciones de mercanc\u00eda transcurridos <\/span><b>3 d\u00edas<\/b><span style=\"font-weight: 400;\"> desde la fecha de env\u00edo. La mercanc\u00eda debe entregarse con su embalaje original y en perfecto estado.<\/span><\/p>\n<p><b>Condiciones de devoluci\u00f3n:<\/b><\/p>\n<ul>\n<li style=\"font-weight: 400;\" aria-level=\"1\"><span style=\"font-weight: 400;\">Los gastos originados por la anulaci\u00f3n o devoluci\u00f3n de pedidos (portes de ida y vuelta, etc.) ser\u00e1n a cargo del cliente.<\/span><\/li>\n<\/ul>\n<p><b>El Pajarrako<\/b><span style=\"font-weight: 400;\"> cobrar\u00e1 un m\u00ednimo de <\/span><b>20 \u20ac<\/b><span style=\"font-weight: 400;\"> en concepto de manipulaci\u00f3n por cada devoluci\u00f3n ajena a nuestra responsabilidad.<\/span><\/p>\t\t\t\t\t\t\t\t<\/div>\n\t\t\t\t<\/div>\n\t\t\t\t\t<\/div>\n\t\t\t\t<\/div>\n\t\t\t\t<\/div>","protected":false},"excerpt":{"rendered":"<p>Nombre completo: Isaac Laserna DNI o CIF: 30622887C Direcci\u00f3n f\u00edsica: Pol. Igeltzera Pab. C4B 48610 Urduliz &#8211; Bizkaia Email de contacto: elpajarrako25@gmail.com Tus Dise\u00f1os: En El Pajarrako, sabemos lo importante que es para ti que tu dise\u00f1o se vea perfecto. Para asegurarnos de que el resultado final sea el mejor, es necesario que nos indiques [&hellip;]<\/p>","protected":false},"author":3,"featured_media":0,"parent":0,"menu_order":0,"comment_status":"closed","ping_status":"closed","template":"elementor_header_footer","meta":{"footnotes":""},"class_list":["post-1065","page","type-page","status-publish","hentry"],"yoast_head":"<!-- This site is optimized with the Yoast SEO plugin v24.6 - https:\/\/yoast.com\/wordpress\/plugins\/seo\/ -->\n<title>Condiciones - elpajarrako.com<\/title>\n<meta name=\"robots\" content=\"index, follow, max-snippet:-1, max-image-preview:large, max-video-preview:-1\" \/>\n<link rel=\"canonical\" href=\"https:\/\/elpajarrako.com\/en\/condiciones\/\" \/>\n<meta property=\"og:locale\" content=\"en_US\" \/>\n<meta property=\"og:type\" content=\"article\" \/>\n<meta property=\"og:title\" content=\"Condiciones - elpajarrako.com\" \/>\n<meta property=\"og:description\" content=\"Nombre completo: Isaac Laserna DNI o CIF: 30622887C Direcci\u00f3n f\u00edsica: Pol. Igeltzera Pab. C4B 48610 Urduliz &#8211; Bizkaia Email de contacto: elpajarrako25@gmail.com Tus Dise\u00f1os: En El Pajarrako, sabemos lo importante que es para ti que tu dise\u00f1o se vea perfecto. Para asegurarnos de que el resultado final sea el mejor, es necesario que nos indiques [&hellip;]\" \/>\n<meta property=\"og:url\" content=\"https:\/\/elpajarrako.com\/en\/condiciones\/\" \/>\n<meta property=\"og:site_name\" content=\"elpajarrako.com\" \/>\n<meta property=\"article:modified_time\" content=\"2025-06-24T07:00:57+00:00\" \/>\n<meta name=\"twitter:card\" content=\"summary_large_image\" \/>\n<meta name=\"twitter:label1\" content=\"Est. reading time\" \/>\n\t<meta name=\"twitter:data1\" content=\"4 minutes\" \/>\n<script type=\"application\/ld+json\" class=\"yoast-schema-graph\">{\"@context\":\"https:\/\/schema.org\",\"@graph\":[{\"@type\":\"WebPage\",\"@id\":\"https:\/\/elpajarrako.com\/condiciones\/\",\"url\":\"https:\/\/elpajarrako.com\/condiciones\/\",\"name\":\"Condiciones - elpajarrako.com\",\"isPartOf\":{\"@id\":\"https:\/\/www.elpajarrako.com\/#website\"},\"datePublished\":\"2025-03-13T11:54:49+00:00\",\"dateModified\":\"2025-06-24T07:00:57+00:00\",\"breadcrumb\":{\"@id\":\"https:\/\/elpajarrako.com\/condiciones\/#breadcrumb\"},\"inLanguage\":\"en-US\",\"potentialAction\":[{\"@type\":\"ReadAction\",\"target\":[\"https:\/\/elpajarrako.com\/condiciones\/\"]}]},{\"@type\":\"BreadcrumbList\",\"@id\":\"https:\/\/elpajarrako.com\/condiciones\/#breadcrumb\",\"itemListElement\":[{\"@type\":\"ListItem\",\"position\":1,\"name\":\"Home\",\"item\":\"https:\/\/www.elpajarrako.com\/\"},{\"@type\":\"ListItem\",\"position\":2,\"name\":\"Condiciones\"}]},{\"@type\":\"WebSite\",\"@id\":\"https:\/\/www.elpajarrako.com\/#website\",\"url\":\"https:\/\/www.elpajarrako.com\/\",\"name\":\"elpajarrako.com\",\"description\":\"\",\"potentialAction\":[{\"@type\":\"SearchAction\",\"target\":{\"@type\":\"EntryPoint\",\"urlTemplate\":\"https:\/\/www.elpajarrako.com\/?s={search_term_string}\"},\"query-input\":{\"@type\":\"PropertyValueSpecification\",\"valueRequired\":true,\"valueName\":\"search_term_string\"}}],\"inLanguage\":\"en-US\"}]}<\/script>\n<!-- \/ Yoast SEO plugin. -->","yoast_head_json":{"title":"Condiciones - elpajarrako.com","robots":{"index":"index","follow":"follow","max-snippet":"max-snippet:-1","max-image-preview":"max-image-preview:large","max-video-preview":"max-video-preview:-1"},"canonical":"https:\/\/elpajarrako.com\/en\/condiciones\/","og_locale":"en_US","og_type":"article","og_title":"Condiciones - elpajarrako.com","og_description":"Nombre completo: Isaac Laserna DNI o CIF: 30622887C Direcci\u00f3n f\u00edsica: Pol. Igeltzera Pab. C4B 48610 Urduliz &#8211; Bizkaia Email de contacto: elpajarrako25@gmail.com Tus Dise\u00f1os: En El Pajarrako, sabemos lo importante que es para ti que tu dise\u00f1o se vea perfecto. Para asegurarnos de que el resultado final sea el mejor, es necesario que nos indiques [&hellip;]","og_url":"https:\/\/elpajarrako.com\/en\/condiciones\/","og_site_name":"elpajarrako.com","article_modified_time":"2025-06-24T07:00:57+00:00","twitter_card":"summary_large_image","twitter_misc":{"Est. reading time":"4 minutes"},"schema":{"@context":"https:\/\/schema.org","@graph":[{"@type":"WebPage","@id":"https:\/\/elpajarrako.com\/condiciones\/","url":"https:\/\/elpajarrako.com\/condiciones\/","name":"Condiciones - elpajarrako.com","isPartOf":{"@id":"https:\/\/www.elpajarrako.com\/#website"},"datePublished":"2025-03-13T11:54:49+00:00","dateModified":"2025-06-24T07:00:57+00:00","breadcrumb":{"@id":"https:\/\/elpajarrako.com\/condiciones\/#breadcrumb"},"inLanguage":"en-US","potentialAction":[{"@type":"ReadAction","target":["https:\/\/elpajarrako.com\/condiciones\/"]}]},{"@type":"BreadcrumbList","@id":"https:\/\/elpajarrako.com\/condiciones\/#breadcrumb","itemListElement":[{"@type":"ListItem","position":1,"name":"Home","item":"https:\/\/www.elpajarrako.com\/"},{"@type":"ListItem","position":2,"name":"Condiciones"}]},{"@type":"WebSite","@id":"https:\/\/www.elpajarrako.com\/#website","url":"https:\/\/www.elpajarrako.com\/","name":"elpajarrako.com","description":"","potentialAction":[{"@type":"SearchAction","target":{"@type":"EntryPoint","urlTemplate":"https:\/\/www.elpajarrako.com\/?s={search_term_string}"},"query-input":{"@type":"PropertyValueSpecification","valueRequired":true,"valueName":"search_term_string"}}],"inLanguage":"en-US"}]}},"_links":{"self":[{"href":"https:\/\/elpajarrako.com\/en\/wp-json\/wp\/v2\/pages\/1065","targetHints":{"allow":["GET"]}}],"collection":[{"href":"https:\/\/elpajarrako.com\/en\/wp-json\/wp\/v2\/pages"}],"about":[{"href":"https:\/\/elpajarrako.com\/en\/wp-json\/wp\/v2\/types\/page"}],"author":[{"embeddable":true,"href":"https:\/\/elpajarrako.com\/en\/wp-json\/wp\/v2\/users\/3"}],"replies":[{"embeddable":true,"href":"https:\/\/elpajarrako.com\/en\/wp-json\/wp\/v2\/comments?post=1065"}],"version-history":[{"count":17,"href":"https:\/\/elpajarrako.com\/en\/wp-json\/wp\/v2\/pages\/1065\/revisions"}],"predecessor-version":[{"id":2295,"href":"https:\/\/elpajarrako.com\/en\/wp-json\/wp\/v2\/pages\/1065\/revisions\/2295"}],"wp:attachment":[{"href":"https:\/\/elpajarrako.com\/en\/wp-json\/wp\/v2\/media?parent=1065"}],"curies":[{"name":"wp","href":"https:\/\/api.w.org\/{rel}","templated":true}]}}