{"id":1110,"date":"2025-03-20T10:58:15","date_gmt":"2025-03-20T10:58:15","guid":{"rendered":"https:\/\/elpajarrako.com\/?page_id=1110"},"modified":"2025-03-20T11:02:58","modified_gmt":"2025-03-20T11:02:58","slug":"descripcion-de-la-empresa-y-compromiso-con-el-medio-ambiente","status":"publish","type":"page","link":"https:\/\/elpajarrako.com\/en\/descripcion-de-la-empresa-y-compromiso-con-el-medio-ambiente\/","title":{"rendered":"Descripci\u00f3n de la empresa y compromiso con el medio ambiente"},"content":{"rendered":"<div data-elementor-type=\"wp-page\" data-elementor-id=\"1110\" class=\"elementor elementor-1110\" data-elementor-post-type=\"page\">\n\t\t\t\t<div class=\"elementor-element elementor-element-017bff3 e-flex e-con-boxed e-con e-parent\" data-id=\"017bff3\" data-element_type=\"container\">\n\t\t\t\t\t<div class=\"e-con-inner\">\n\t\t\t\t<div class=\"elementor-element elementor-element-16061ee elementor-widget elementor-widget-text-editor\" data-id=\"16061ee\" data-element_type=\"widget\" data-widget_type=\"text-editor.default\">\n\t\t\t\t<div class=\"elementor-widget-container\">\n\t\t\t\t\t\t\t\t\t<p><b>Descripci\u00f3n de la Empresa:<\/b><\/p><p><b>El Pajarrako<\/b><span style=\"font-weight: 400;\"> es una empresa consolidada en el sector de la personalizaci\u00f3n textil, con m\u00e1s de 30 a\u00f1os de experiencia en la creaci\u00f3n de prendas \u00fanicas y de alta calidad.\u00a0 Nuestra misi\u00f3n ha sido ofrecer productos personalizados que permiten a nuestros clientes expresar su estilo, identidad o imagen corporativa de manera creativa y profesional.<\/span><\/p><p><span style=\"font-weight: 400;\">Nos especializamos en la personalizaci\u00f3n de una amplia variedad de prendas, incluyendo <\/span><b>camisetas, sudaderas, polares, chaquetas, bolsas, gorras, delantales<\/b><span style=\"font-weight: 400;\"> y mucho m\u00e1s. Utilizamos t\u00e9cnicas de impresi\u00f3n de vanguardia como <\/span><b>serigraf\u00eda, bordado, impresi\u00f3n digital<\/b><span style=\"font-weight: 400;\"> y otras opciones especializadas, garantizando siempre el mejor resultado seg\u00fan las necesidades de cada cliente.<\/span><\/p><p><span style=\"font-weight: 400;\">En <\/span><b>El Pajarrako<\/b><span style=\"font-weight: 400;\">, tambi\u00e9n ofrecemos soluciones para empresas que buscan ropa laboral personalizada, destac\u00e1ndonos por brindar una excelente relaci\u00f3n calidad-precio, con plazos de entrega inigualables en el mercado. Nuestro pedido m\u00ednimo parte de <\/span><b>5 unidades<\/b><span style=\"font-weight: 400;\">, sin l\u00edmite m\u00e1ximo, lo que nos permite adaptarnos tanto a grandes pedidos como a peque\u00f1as personalizaciones.<\/span><\/p><p><span style=\"font-weight: 400;\">Desde prendas b\u00e1sicas hasta opciones t\u00e9cnicas, nuestra oferta cubre un amplio rango de precios, asegurando que todos nuestros clientes encuentren lo que necesitan, sin sacrificar calidad ni dise\u00f1o. Ya sea que busques algo sencillo o de alto rendimiento, estamos aqu\u00ed para hacer realidad tu proyecto.<\/span><\/p><p><span style=\"font-weight: 400;\">Con el compromiso de ofrecer siempre lo mejor, en <\/span><b>El Pajarrako<\/b><span style=\"font-weight: 400;\"> trabajamos con la m\u00e1s alta dedicaci\u00f3n para entregar productos que no solo cumplen con las expectativas de nuestros clientes, sino que las superan.<\/span><\/p><p><b>Compromiso con el Medio Ambiente<\/b><\/p><p><span style=\"font-weight: 400;\">En <\/span><b>El Pajarrako<\/b><span style=\"font-weight: 400;\">, estamos profundamente comprometidos con la sostenibilidad y el respeto al medio ambiente. Trabajamos de manera responsable y respetuosa, utilizando materiales y procesos que minimizan nuestro impacto ambiental. Nos aseguramos de que nuestros proveedores compartan los mismos valores, priorizando aquellos que promueven pr\u00e1cticas responsables y el uso de materiales ecol\u00f3gicos.<\/span><\/p><p><span style=\"font-weight: 400;\">Desde la selecci\u00f3n de los materiales hasta los m\u00e9todos de personalizaci\u00f3n, buscamos siempre alternativas sostenibles que no solo garanticen productos de alta calidad, sino tambi\u00e9n contribuyan a la conservaci\u00f3n del entorno. Cada d\u00eda nos esforzamos por mejorar y hacer nuestra parte para reducir nuestra huella ecol\u00f3gica.<\/span><\/p>\t\t\t\t\t\t\t\t<\/div>\n\t\t\t\t<\/div>\n\t\t\t\t\t<\/div>\n\t\t\t\t<\/div>\n\t\t\t\t<\/div>","protected":false},"excerpt":{"rendered":"<p>Descripci\u00f3n de la Empresa: El Pajarrako es una empresa consolidada en el sector de la personalizaci\u00f3n textil, con m\u00e1s de 30 a\u00f1os de experiencia en la creaci\u00f3n de prendas \u00fanicas y de alta calidad.\u00a0 Nuestra misi\u00f3n ha sido ofrecer productos personalizados que permiten a nuestros clientes expresar su estilo, identidad o imagen corporativa de manera [&hellip;]<\/p>","protected":false},"author":3,"featured_media":0,"parent":0,"menu_order":0,"comment_status":"closed","ping_status":"closed","template":"elementor_header_footer","meta":{"footnotes":""},"class_list":["post-1110","page","type-page","status-publish","hentry"],"yoast_head":"<!-- This site is optimized with the Yoast SEO plugin v24.6 - https:\/\/yoast.com\/wordpress\/plugins\/seo\/ -->\n<title>Descripci\u00f3n de la empresa y compromiso con el medio ambiente - elpajarrako.com<\/title>\n<meta name=\"robots\" content=\"index, follow, max-snippet:-1, max-image-preview:large, max-video-preview:-1\" \/>\n<link rel=\"canonical\" href=\"https:\/\/elpajarrako.com\/en\/descripcion-de-la-empresa-y-compromiso-con-el-medio-ambiente\/\" \/>\n<meta property=\"og:locale\" content=\"en_US\" \/>\n<meta property=\"og:type\" content=\"article\" \/>\n<meta property=\"og:title\" content=\"Descripci\u00f3n de la empresa y compromiso con el medio ambiente - elpajarrako.com\" \/>\n<meta property=\"og:description\" content=\"Descripci\u00f3n de la Empresa: El Pajarrako es una empresa consolidada en el sector de la personalizaci\u00f3n textil, con m\u00e1s de 30 a\u00f1os de experiencia en la creaci\u00f3n de prendas \u00fanicas y de alta calidad.\u00a0 Nuestra misi\u00f3n ha sido ofrecer productos personalizados que permiten a nuestros clientes expresar su estilo, identidad o imagen corporativa de manera [&hellip;]\" \/>\n<meta property=\"og:url\" content=\"https:\/\/elpajarrako.com\/en\/descripcion-de-la-empresa-y-compromiso-con-el-medio-ambiente\/\" \/>\n<meta property=\"og:site_name\" content=\"elpajarrako.com\" \/>\n<meta property=\"article:modified_time\" content=\"2025-03-20T11:02:58+00:00\" \/>\n<meta name=\"twitter:card\" content=\"summary_large_image\" \/>\n<meta name=\"twitter:label1\" content=\"Est. reading time\" \/>\n\t<meta name=\"twitter:data1\" content=\"2 minutes\" \/>\n<script type=\"application\/ld+json\" class=\"yoast-schema-graph\">{\"@context\":\"https:\/\/schema.org\",\"@graph\":[{\"@type\":\"WebPage\",\"@id\":\"https:\/\/elpajarrako.com\/descripcion-de-la-empresa-y-compromiso-con-el-medio-ambiente\/\",\"url\":\"https:\/\/elpajarrako.com\/descripcion-de-la-empresa-y-compromiso-con-el-medio-ambiente\/\",\"name\":\"Descripci\u00f3n de la empresa y compromiso con el medio ambiente - elpajarrako.com\",\"isPartOf\":{\"@id\":\"https:\/\/www.elpajarrako.com\/#website\"},\"datePublished\":\"2025-03-20T10:58:15+00:00\",\"dateModified\":\"2025-03-20T11:02:58+00:00\",\"breadcrumb\":{\"@id\":\"https:\/\/elpajarrako.com\/descripcion-de-la-empresa-y-compromiso-con-el-medio-ambiente\/#breadcrumb\"},\"inLanguage\":\"en-US\",\"potentialAction\":[{\"@type\":\"ReadAction\",\"target\":[\"https:\/\/elpajarrako.com\/descripcion-de-la-empresa-y-compromiso-con-el-medio-ambiente\/\"]}]},{\"@type\":\"BreadcrumbList\",\"@id\":\"https:\/\/elpajarrako.com\/descripcion-de-la-empresa-y-compromiso-con-el-medio-ambiente\/#breadcrumb\",\"itemListElement\":[{\"@type\":\"ListItem\",\"position\":1,\"name\":\"Home\",\"item\":\"https:\/\/www.elpajarrako.com\/\"},{\"@type\":\"ListItem\",\"position\":2,\"name\":\"Descripci\u00f3n de la empresa y compromiso con el medio ambiente\"}]},{\"@type\":\"WebSite\",\"@id\":\"https:\/\/www.elpajarrako.com\/#website\",\"url\":\"https:\/\/www.elpajarrako.com\/\",\"name\":\"elpajarrako.com\",\"description\":\"\",\"potentialAction\":[{\"@type\":\"SearchAction\",\"target\":{\"@type\":\"EntryPoint\",\"urlTemplate\":\"https:\/\/www.elpajarrako.com\/?s={search_term_string}\"},\"query-input\":{\"@type\":\"PropertyValueSpecification\",\"valueRequired\":true,\"valueName\":\"search_term_string\"}}],\"inLanguage\":\"en-US\"}]}<\/script>\n<!-- \/ Yoast SEO plugin. -->","yoast_head_json":{"title":"Descripci\u00f3n de la empresa y compromiso con el medio ambiente - elpajarrako.com","robots":{"index":"index","follow":"follow","max-snippet":"max-snippet:-1","max-image-preview":"max-image-preview:large","max-video-preview":"max-video-preview:-1"},"canonical":"https:\/\/elpajarrako.com\/en\/descripcion-de-la-empresa-y-compromiso-con-el-medio-ambiente\/","og_locale":"en_US","og_type":"article","og_title":"Descripci\u00f3n de la empresa y compromiso con el medio ambiente - elpajarrako.com","og_description":"Descripci\u00f3n de la Empresa: El Pajarrako es una empresa consolidada en el sector de la personalizaci\u00f3n textil, con m\u00e1s de 30 a\u00f1os de experiencia en la creaci\u00f3n de prendas \u00fanicas y de alta calidad.\u00a0 Nuestra misi\u00f3n ha sido ofrecer productos personalizados que permiten a nuestros clientes expresar su estilo, identidad o imagen corporativa de manera [&hellip;]","og_url":"https:\/\/elpajarrako.com\/en\/descripcion-de-la-empresa-y-compromiso-con-el-medio-ambiente\/","og_site_name":"elpajarrako.com","article_modified_time":"2025-03-20T11:02:58+00:00","twitter_card":"summary_large_image","twitter_misc":{"Est. reading time":"2 minutes"},"schema":{"@context":"https:\/\/schema.org","@graph":[{"@type":"WebPage","@id":"https:\/\/elpajarrako.com\/descripcion-de-la-empresa-y-compromiso-con-el-medio-ambiente\/","url":"https:\/\/elpajarrako.com\/descripcion-de-la-empresa-y-compromiso-con-el-medio-ambiente\/","name":"Descripci\u00f3n de la empresa y compromiso con el medio ambiente - elpajarrako.com","isPartOf":{"@id":"https:\/\/www.elpajarrako.com\/#website"},"datePublished":"2025-03-20T10:58:15+00:00","dateModified":"2025-03-20T11:02:58+00:00","breadcrumb":{"@id":"https:\/\/elpajarrako.com\/descripcion-de-la-empresa-y-compromiso-con-el-medio-ambiente\/#breadcrumb"},"inLanguage":"en-US","potentialAction":[{"@type":"ReadAction","target":["https:\/\/elpajarrako.com\/descripcion-de-la-empresa-y-compromiso-con-el-medio-ambiente\/"]}]},{"@type":"BreadcrumbList","@id":"https:\/\/elpajarrako.com\/descripcion-de-la-empresa-y-compromiso-con-el-medio-ambiente\/#breadcrumb","itemListElement":[{"@type":"ListItem","position":1,"name":"Home","item":"https:\/\/www.elpajarrako.com\/"},{"@type":"ListItem","position":2,"name":"Descripci\u00f3n de la empresa y compromiso con el medio ambiente"}]},{"@type":"WebSite","@id":"https:\/\/www.elpajarrako.com\/#website","url":"https:\/\/www.elpajarrako.com\/","name":"elpajarrako.com","description":"","potentialAction":[{"@type":"SearchAction","target":{"@type":"EntryPoint","urlTemplate":"https:\/\/www.elpajarrako.com\/?s={search_term_string}"},"query-input":{"@type":"PropertyValueSpecification","valueRequired":true,"valueName":"search_term_string"}}],"inLanguage":"en-US"}]}},"_links":{"self":[{"href":"https:\/\/elpajarrako.com\/en\/wp-json\/wp\/v2\/pages\/1110","targetHints":{"allow":["GET"]}}],"collection":[{"href":"https:\/\/elpajarrako.com\/en\/wp-json\/wp\/v2\/pages"}],"about":[{"href":"https:\/\/elpajarrako.com\/en\/wp-json\/wp\/v2\/types\/page"}],"author":[{"embeddable":true,"href":"https:\/\/elpajarrako.com\/en\/wp-json\/wp\/v2\/users\/3"}],"replies":[{"embeddable":true,"href":"https:\/\/elpajarrako.com\/en\/wp-json\/wp\/v2\/comments?post=1110"}],"version-history":[{"count":4,"href":"https:\/\/elpajarrako.com\/en\/wp-json\/wp\/v2\/pages\/1110\/revisions"}],"predecessor-version":[{"id":1122,"href":"https:\/\/elpajarrako.com\/en\/wp-json\/wp\/v2\/pages\/1110\/revisions\/1122"}],"wp:attachment":[{"href":"https:\/\/elpajarrako.com\/en\/wp-json\/wp\/v2\/media?parent=1110"}],"curies":[{"name":"wp","href":"https:\/\/api.w.org\/{rel}","templated":true}]}}