{"id":2287,"date":"2025-06-22T15:44:40","date_gmt":"2025-06-22T15:44:40","guid":{"rendered":"https:\/\/elpajarrako.com\/?page_id=2287"},"modified":"2025-06-22T15:48:31","modified_gmt":"2025-06-22T15:48:31","slug":"politica-de-privacidad-y-proteccion-de-datos","status":"publish","type":"page","link":"https:\/\/elpajarrako.com\/en\/politica-de-privacidad-y-proteccion-de-datos\/","title":{"rendered":"Pol\u00edtica de privacidad y protecci\u00f3n de datos"},"content":{"rendered":"<div data-elementor-type=\"wp-page\" data-elementor-id=\"2287\" class=\"elementor elementor-2287\" data-elementor-post-type=\"page\">\n\t\t\t\t<div class=\"elementor-element elementor-element-a202210 e-flex e-con-boxed e-con e-parent\" data-id=\"a202210\" data-element_type=\"container\">\n\t\t\t\t\t<div class=\"e-con-inner\">\n\t\t\t\t<div class=\"elementor-element elementor-element-8e7b061 elementor-widget elementor-widget-text-editor\" data-id=\"8e7b061\" data-element_type=\"widget\" data-widget_type=\"text-editor.default\">\n\t\t\t\t<div class=\"elementor-widget-container\">\n\t\t\t\t\t\t\t\t\t<p><span style=\"font-weight: 400;\">La presente Pol\u00edtica de Privacidad establece la forma en la que se tratar\u00e1n los datos personales recogidos a trav\u00e9s de la p\u00e1gina web elpajarrako.com (en adelante, tambi\u00e9n referida como la \u201cweb\u201d).<\/span><span style=\"font-weight: 400;\"><br \/><\/span><span style=\"font-weight: 400;\">En elpajarrako.com estamos especialmente concienciados acerca de la seguridad y por garantizar la confidencialidad de los datos aportados por nuestros clientes. Por ello, en materia de protecci\u00f3n de datos garantizamos el cumplimiento del Reglamento (UE) 2016\/679 del Parlamento Europeo y del Consejo, de 27 de abril de 2016 (Reglamento General de Protecci\u00f3n de Datos).<\/span><span style=\"font-weight: 400;\"><br \/><\/span><span style=\"font-weight: 400;\"><br \/><\/span><b>1. Responsable del Tratamiento de Datos<\/b><span style=\"font-weight: 400;\"><br \/><\/span><span style=\"font-weight: 400;\"><br \/><\/span><span style=\"font-weight: 400;\">elpajarrako.com es una unidad de negocio perteneciente a Isaac Laserna Rey. Responsable del tratamiento de los datos personales:<\/span><\/p><ul><li style=\"font-weight: 400;\" aria-level=\"1\"><span style=\"font-weight: 400;\">Isaac Laserna Rey<\/span><\/li><li style=\"font-weight: 400;\" aria-level=\"1\"><span style=\"font-weight: 400;\">CIF: 30622887c<\/span><\/li><li style=\"font-weight: 400;\" aria-level=\"1\"><span style=\"font-weight: 400;\">Domicilio social en Pol. Igeltzera, C4B 48610 Urduliz Bizkaia<\/span><span style=\"font-weight: 400;\"><br \/><\/span><b> <\/b><\/li><\/ul><p>\u00a0<\/p><p><b>Finalidad del tratamiento<\/b><span style=\"font-weight: 400;\"><br \/><\/span><span style=\"font-weight: 400;\"><br \/><\/span><span style=\"font-weight: 400;\">elpajarrako.com recoger\u00e1 sus datos personales a trav\u00e9s de los formularios ubicados en la Web y los tratar\u00e1 con el fin de:<\/span><\/p><ul><li style=\"font-weight: 400;\" aria-level=\"1\"><span style=\"font-weight: 400;\">Cursar su solicitud de usuario registrado, ya sea con el fin de crear una tienda online o adquirir productos a trav\u00e9s de la web. Una vez confirmada y aceptada su solicitud, el usuario recibir\u00e1 un correo electr\u00f3nico de confirmaci\u00f3n en la direcci\u00f3n indicada al momento de completar el formulario de registro.<\/span><\/li><li style=\"font-weight: 400;\" aria-level=\"1\"><span style=\"font-weight: 400;\">Cursar el pedido de productos ofrecidos por elpajarrako.com<\/span><\/li><li style=\"font-weight: 400;\" aria-level=\"1\"><span style=\"font-weight: 400;\">El env\u00edo de correos electr\u00f3nicos a destinatarios definidos por el usuario.<\/span><\/li><li style=\"font-weight: 400;\" aria-level=\"1\"><span style=\"font-weight: 400;\">Realizar estudios estad\u00edsticos.<\/span><\/li><li style=\"font-weight: 400;\" aria-level=\"1\"><span style=\"font-weight: 400;\">Remitir comunicaciones solicitando la opini\u00f3n de los usuarios por medio de distintas plataformas para la mejora de nuestros servicios.<\/span><\/li><li style=\"font-weight: 400;\" aria-level=\"1\"><span style=\"font-weight: 400;\">Tramitar encargos, solicitudes o responder a las peticiones que sean realizadas por el usuario a trav\u00e9s de cualquiera de las formas de contacto que se ponen a disposici\u00f3n del usuario en el sitio web de elpajarrako.com.<\/span><\/li><li style=\"font-weight: 400;\" aria-level=\"1\"><span style=\"font-weight: 400;\">Remitir el bolet\u00edn de noticias o newsletter de elpajarrako.com<\/span><\/li><li style=\"font-weight: 400;\" aria-level=\"1\"><span style=\"font-weight: 400;\">Permitir la participaci\u00f3n en concursos y promociones organizados o promovidos por elpajarrako.com<\/span><\/li><li style=\"font-weight: 400;\" aria-level=\"1\"><span style=\"font-weight: 400;\">Remitir mensajes SMS de elpajarrako.com<\/span><\/li><\/ul><p>\u00a0<\/p><p><span style=\"font-weight: 400;\">Le informamos de que elpajarrako.com utilizar\u00e1 datos personales para la elaboraci\u00f3n de perfiles de comportamiento, y para la adopci\u00f3n de decisiones automatizadas respecto a la recomendaci\u00f3n de productos.<\/span><span style=\"font-weight: 400;\"><br \/><\/span><span style=\"font-weight: 400;\"><br \/><\/span><span style=\"font-weight: 400;\">Todos los datos solicitados a trav\u00e9s de la Web y marcados en color rojo son obligatorios, ya que son necesarios para la prestaci\u00f3n de un servicio \u00f3ptimo al usuario de la web. En caso de que no sean facilitados, no podremos atenderle debidamente.<\/span><span style=\"font-weight: 400;\"><br \/><\/span><span style=\"font-weight: 400;\"><br \/><\/span><b> Legitimaci\u00f3n para el tratamiento de sus datos<\/b><span style=\"font-weight: 400;\"><br \/><\/span><\/p><ul><li style=\"font-weight: 400;\" aria-level=\"1\"><span style=\"font-weight: 400;\">En caso de que el usuario compre productos a trav\u00e9s de la web en condici\u00f3n de consumidor, la base legal para el tratamiento de datos personales reside en la ejecuci\u00f3n del contrato existente entre las partes. Le recordamos que la relaci\u00f3n contractual entre las partes se inicia en el momento en que el usuario realiza un pedido de los productos de elpajarrako.com y acepta las condiciones de compra.<\/span><\/li><li style=\"font-weight: 400;\" aria-level=\"1\"><span style=\"font-weight: 400;\">En el resto de supuestos en los cuales el usuario facilita datos personales a trav\u00e9s de cualquier formulario ubicado en la web, la base legal para el tratamiento de sus datos residir\u00e1 en el consentimiento prestado libremente, el cual podr\u00e1 ser retirado en cualquier momento.<\/span><\/li><\/ul><p><span style=\"font-weight: 400;\">El inter\u00e9s leg\u00edtimo para mejorar nuestros productos y servicios.<\/span><span style=\"font-weight: 400;\"><br \/><\/span><span style=\"font-weight: 400;\"><br \/><\/span><b> Destinatarios<\/b><span style=\"font-weight: 400;\"><br \/><\/span><span style=\"font-weight: 400;\"><br \/><\/span><span style=\"font-weight: 400;\">elpajarrako.com no realizar\u00e1 ninguna cesi\u00f3n ni transferencia alguna de datos, salvo obligaci\u00f3n legal y en los casos descritos en este apartado.<\/span><\/p><p><span style=\"font-weight: 400;\">Sin perjuicio de lo anterior, le recordamos que en los supuestos en los que se adquieran productos a trav\u00e9s de la web, elpajarrako.com deber\u00e1 ceder sus datos a las empresas de transporte correspondientes (Correos, SEUR, GLS, Inpost, Asendia, UPL,\u00a0UPS,\u00a0MRW, Mondial Relay, Maersk) para poder entregar cada uno de dichos pedidos.<\/span><\/p><p><b> Derechos del Interesado\u00a0<\/b><span style=\"font-weight: 400;\"><br \/><\/span><span style=\"font-weight: 400;\"><br \/><\/span><span style=\"font-weight: 400;\">El usuario de la web, en su condici\u00f3n de interesado, puede ejercer los siguientes derechos:<\/span><span style=\"font-weight: 400;\"><br \/><\/span><span style=\"font-weight: 400;\"><br \/><\/span><span style=\"font-weight: 400;\">Derecho a solicitar la rectificaci\u00f3n de sus datos: Esto es, a obtener del Responsable del tratamiento la rectificaci\u00f3n de los datos personales inexactos que le conciernen sin demora indebida.<\/span><\/p><ul><li style=\"font-weight: 400;\" aria-level=\"1\"><span style=\"font-weight: 400;\">Derecho a solicitar la supresi\u00f3n de sus datos (derecho al olvido): Es decir, derecho a obtener, sin dilaci\u00f3n indebida del responsable del tratamiento, la supresi\u00f3n de los datos personales que le conciernan, cuando concurra alguna de las circunstancias siguientes:<\/span><\/li><\/ul><ol start=\"6\"><li><span style=\"font-weight: 400;\">a) Cuando los datos personales ya no sean necesarios en relaci\u00f3n con los fines para los que fueron recogidos o tratados de otro modo.<\/span><span style=\"font-weight: 400;\"><br \/><\/span><span style=\"font-weight: 400;\">b) Cuando el interesado retire el consentimiento en que se basa el tratamiento de acuerdo con lo establecido en el apartado a) del art\u00edculo 6.1 del RGPD, o en el apartado a) del art\u00edculo 9.2 del RGPD, y \u00e9ste no se base en otro fundamento jur\u00eddico.<\/span><span style=\"font-weight: 400;\"><br \/><\/span><span style=\"font-weight: 400;\">c) Cuando el interesado se oponga al tratamiento y no prevalezcan otros motivos leg\u00edtimos para el tratamiento, de acuerdo con lo establecido en el art\u00edculo 21.1 y 21.2 del RGPD.<\/span><span style=\"font-weight: 400;\"><br \/><\/span><span style=\"font-weight: 400;\">d) Cuando los datos personales hayan sido tratados il\u00edcitamente.<\/span><span style=\"font-weight: 400;\"><br \/><\/span><span style=\"font-weight: 400;\">e) Cuando los datos personales deban suprimirse para el cumplimiento de una obligaci\u00f3n legal establecida en el Derecho de la Uni\u00f3n o de los Estados miembros que se aplique al responsable del tratamiento.<\/span><span style=\"font-weight: 400;\"><br \/><\/span><span style=\"font-weight: 400;\">f) Cuando los datos personales se hayan obtenido en relaci\u00f3n con la oferta de servicios de la sociedad de la informaci\u00f3n seg\u00fan dispone el art\u00edculo 8.1 del RGPD.<\/span><\/li><\/ol><ul><li style=\"font-weight: 400;\" aria-level=\"1\"><span style=\"font-weight: 400;\">Derecho a solicitar la limitaci\u00f3n de su tratamiento: tendr\u00e1 derecho a obtener del responsable del tratamiento la limitaci\u00f3n del tratamiento de los datos est\u00e1n tasados por la norma y son:<\/span><\/li><\/ul><ol start=\"21\"><li><span style=\"font-weight: 400;\">a) Cuando el interesado impugne la exactitud de los datos personales, durante un plazo que permita al responsable verificar la exactitud de los mismos.<\/span><span style=\"font-weight: 400;\"><br \/><\/span><span style=\"font-weight: 400;\">b) Cuando el tratamiento sea il\u00edcito y el interesado se oponga a la supresi\u00f3n de los datos personales y solicite en su lugar la limitaci\u00f3n de su uso.<\/span><span style=\"font-weight: 400;\"><br \/><\/span><span style=\"font-weight: 400;\">c) Cuando el responsable ya no necesite los datos personales para los fines del tratamiento, pero el interesado los necesite para la formulaci\u00f3n, el ejercicio o la defensa de reclamaciones.<\/span><span style=\"font-weight: 400;\"><br \/><\/span><span style=\"font-weight: 400;\">d) Cuando el interesado se haya opuesto al tratamiento ejercitando su derecho de oposici\u00f3n de acuerdo con lo dispuesto en el art\u00edculo 21.1RGPD, mientras se verifica si los motivos leg\u00edtimos del responsable prevalecen sobre los del interesado.<\/span><\/li><\/ol><ul><li style=\"font-weight: 400;\" aria-level=\"1\"><span style=\"font-weight: 400;\">Derecho a la portabilidad de los datos: tendr\u00e1 derecho a recibir los datos personales que le incumban, que haya facilitado a un responsable del tratamiento, en un formato estructurado, de uso com\u00fan y lectura mec\u00e1nica, y a transmitirlos a otro responsable del tratamiento sin que lo impida el responsable al que se los hubiese facilitado.<\/span><\/li><li style=\"font-weight: 400;\" aria-level=\"1\"><span style=\"font-weight: 400;\">Derecho a oponerse al tratamiento: el derecho del interesado a oponerse, en cualquier momento, por motivos relacionados con su situaci\u00f3n particular, a que datos personales que le conciernan sean objeto de un tratamiento.<\/span><\/li><li style=\"font-weight: 400;\" aria-level=\"1\"><span style=\"font-weight: 400;\">Derecho a retirar el consentimiento prestado: el interesado tiene derecho retirar su consentimiento para el procesamiento de sus datos personales en cualquier momento.<\/span><\/li><\/ul><p><span style=\"font-weight: 400;\">Finalmente, le informamos de que tiene derecho a acudir ante la Agencia Estatal de Protecci\u00f3n de Datos para presentar una reclamaci\u00f3n, si considera que se ha vulnerado alguno de sus derechos. A trav\u00e9s del siguiente enlace, hallar\u00e1 los datos de contacto de la mencionada<\/span><span style=\"font-weight: 400;\"><br \/><\/span><span style=\"font-weight: 400;\"><br \/><\/span><b>6. Cookies<\/b><\/p><p><span style=\"font-weight: 400;\">elpajarrako.com utiliza cookies. Usted tiene la opci\u00f3n de impedir la generaci\u00f3n de cookies, mediante la selecci\u00f3n de la correspondiente opci\u00f3n en su programa navegador.<\/span><span style=\"font-weight: 400;\"><br \/><\/span><span style=\"font-weight: 400;\"><br \/><\/span><span style=\"font-weight: 400;\">Para m\u00e1s informaci\u00f3n, puede consultar nuestra\u00a0<\/span><span style=\"font-weight: 400;\">Pol\u00edtica de Cookies<\/span><span style=\"font-weight: 400;\">.<\/span><span style=\"font-weight: 400;\"><br \/><\/span><span style=\"font-weight: 400;\"><br \/><\/span><b>7. Modificaci\u00f3n de la Pol\u00edtica de Privacidad<\/b><span style=\"font-weight: 400;\"><br \/><\/span><span style=\"font-weight: 400;\"><br \/><\/span><span style=\"font-weight: 400;\">elpajarrako.com se reserva el derecho a modificar la presente Pol\u00edtica de Privacidad, de acuerdo con su propio criterio, motivado por un cambio legislativo, jurisprudencial o doctrinal de la Agencia Espa\u00f1ola de Protecci\u00f3n de Datos.<\/span><span style=\"font-weight: 400;\"><br \/><\/span><span style=\"font-weight: 400;\"><br \/><\/span><span style=\"font-weight: 400;\">Le informaremos acerca de dichos cambios mediante la publicaci\u00f3n de la Pol\u00edtica de Privacidad modificada en la propia P\u00e1gina, as\u00ed como mediante el correspondiente aviso que se ubicar\u00e1 en la p\u00e1gina de inicio.<\/span><span style=\"font-weight: 400;\"><br \/><\/span><span style=\"font-weight: 400;\"><br \/><\/span><b>8. Legislaci\u00f3n aplicable y competencia jurisdiccional<\/b><span style=\"font-weight: 400;\"><br \/><\/span><span style=\"font-weight: 400;\"><br \/><\/span><span style=\"font-weight: 400;\">Todas las controversias y\/o reclamaciones surgidas de la interpretaci\u00f3n y\/o ejecuci\u00f3n de la presente pol\u00edtica de privacidad se regir\u00e1n por la legislaci\u00f3n espa\u00f1ola y se someter\u00e1n a la jurisdicci\u00f3n de los Juzgados y Tribunales de la Ciudad de Bilbao.<\/span><span style=\"font-weight: 400;\"><br \/><\/span><span style=\"font-weight: 400;\">Si la contrataci\u00f3n la realiza un consumidor, ninguna disposici\u00f3n en esta clausula afectar\u00e1 a los derechos que como consumidor le reconoce la legislaci\u00f3n vigente.<\/span><\/p>\t\t\t\t\t\t\t\t<\/div>\n\t\t\t\t<\/div>\n\t\t\t\t\t<\/div>\n\t\t\t\t<\/div>\n\t\t\t\t<\/div>","protected":false},"excerpt":{"rendered":"<p>La presente Pol\u00edtica de Privacidad establece la forma en la que se tratar\u00e1n los datos personales recogidos a trav\u00e9s de la p\u00e1gina web elpajarrako.com (en adelante, tambi\u00e9n referida como la \u201cweb\u201d).En elpajarrako.com estamos especialmente concienciados acerca de la seguridad y por garantizar la confidencialidad de los datos aportados por nuestros clientes. Por ello, en materia [&hellip;]<\/p>","protected":false},"author":3,"featured_media":0,"parent":0,"menu_order":0,"comment_status":"closed","ping_status":"closed","template":"elementor_header_footer","meta":{"footnotes":""},"class_list":["post-2287","page","type-page","status-publish","hentry"],"yoast_head":"<!-- This site is optimized with the Yoast SEO plugin v24.6 - https:\/\/yoast.com\/wordpress\/plugins\/seo\/ -->\n<title>Pol\u00edtica de privacidad y protecci\u00f3n de datos - elpajarrako.com<\/title>\n<meta name=\"robots\" content=\"index, follow, max-snippet:-1, max-image-preview:large, max-video-preview:-1\" \/>\n<link rel=\"canonical\" href=\"https:\/\/elpajarrako.com\/en\/politica-de-privacidad-y-proteccion-de-datos\/\" \/>\n<meta property=\"og:locale\" content=\"en_US\" \/>\n<meta property=\"og:type\" content=\"article\" \/>\n<meta property=\"og:title\" content=\"Pol\u00edtica de privacidad y protecci\u00f3n de datos - elpajarrako.com\" \/>\n<meta property=\"og:description\" content=\"La presente Pol\u00edtica de Privacidad establece la forma en la que se tratar\u00e1n los datos personales recogidos a trav\u00e9s de la p\u00e1gina web elpajarrako.com (en adelante, tambi\u00e9n referida como la \u201cweb\u201d).En elpajarrako.com estamos especialmente concienciados acerca de la seguridad y por garantizar la confidencialidad de los datos aportados por nuestros clientes. Por ello, en materia [&hellip;]\" \/>\n<meta property=\"og:url\" content=\"https:\/\/elpajarrako.com\/en\/politica-de-privacidad-y-proteccion-de-datos\/\" \/>\n<meta property=\"og:site_name\" content=\"elpajarrako.com\" \/>\n<meta property=\"article:modified_time\" content=\"2025-06-22T15:48:31+00:00\" \/>\n<meta name=\"twitter:card\" content=\"summary_large_image\" \/>\n<meta name=\"twitter:label1\" content=\"Est. reading time\" \/>\n\t<meta name=\"twitter:data1\" content=\"7 minutes\" \/>\n<script type=\"application\/ld+json\" class=\"yoast-schema-graph\">{\"@context\":\"https:\/\/schema.org\",\"@graph\":[{\"@type\":\"WebPage\",\"@id\":\"https:\/\/elpajarrako.com\/politica-de-privacidad-y-proteccion-de-datos\/\",\"url\":\"https:\/\/elpajarrako.com\/politica-de-privacidad-y-proteccion-de-datos\/\",\"name\":\"Pol\u00edtica de privacidad y protecci\u00f3n de datos - elpajarrako.com\",\"isPartOf\":{\"@id\":\"https:\/\/www.elpajarrako.com\/#website\"},\"datePublished\":\"2025-06-22T15:44:40+00:00\",\"dateModified\":\"2025-06-22T15:48:31+00:00\",\"breadcrumb\":{\"@id\":\"https:\/\/elpajarrako.com\/politica-de-privacidad-y-proteccion-de-datos\/#breadcrumb\"},\"inLanguage\":\"en-US\",\"potentialAction\":[{\"@type\":\"ReadAction\",\"target\":[\"https:\/\/elpajarrako.com\/politica-de-privacidad-y-proteccion-de-datos\/\"]}]},{\"@type\":\"BreadcrumbList\",\"@id\":\"https:\/\/elpajarrako.com\/politica-de-privacidad-y-proteccion-de-datos\/#breadcrumb\",\"itemListElement\":[{\"@type\":\"ListItem\",\"position\":1,\"name\":\"Home\",\"item\":\"https:\/\/www.elpajarrako.com\/\"},{\"@type\":\"ListItem\",\"position\":2,\"name\":\"Pol\u00edtica de privacidad y protecci\u00f3n de datos\"}]},{\"@type\":\"WebSite\",\"@id\":\"https:\/\/www.elpajarrako.com\/#website\",\"url\":\"https:\/\/www.elpajarrako.com\/\",\"name\":\"elpajarrako.com\",\"description\":\"\",\"potentialAction\":[{\"@type\":\"SearchAction\",\"target\":{\"@type\":\"EntryPoint\",\"urlTemplate\":\"https:\/\/www.elpajarrako.com\/?s={search_term_string}\"},\"query-input\":{\"@type\":\"PropertyValueSpecification\",\"valueRequired\":true,\"valueName\":\"search_term_string\"}}],\"inLanguage\":\"en-US\"}]}<\/script>\n<!-- \/ Yoast SEO plugin. -->","yoast_head_json":{"title":"Pol\u00edtica de privacidad y protecci\u00f3n de datos - elpajarrako.com","robots":{"index":"index","follow":"follow","max-snippet":"max-snippet:-1","max-image-preview":"max-image-preview:large","max-video-preview":"max-video-preview:-1"},"canonical":"https:\/\/elpajarrako.com\/en\/politica-de-privacidad-y-proteccion-de-datos\/","og_locale":"en_US","og_type":"article","og_title":"Pol\u00edtica de privacidad y protecci\u00f3n de datos - elpajarrako.com","og_description":"La presente Pol\u00edtica de Privacidad establece la forma en la que se tratar\u00e1n los datos personales recogidos a trav\u00e9s de la p\u00e1gina web elpajarrako.com (en adelante, tambi\u00e9n referida como la \u201cweb\u201d).En elpajarrako.com estamos especialmente concienciados acerca de la seguridad y por garantizar la confidencialidad de los datos aportados por nuestros clientes. Por ello, en materia [&hellip;]","og_url":"https:\/\/elpajarrako.com\/en\/politica-de-privacidad-y-proteccion-de-datos\/","og_site_name":"elpajarrako.com","article_modified_time":"2025-06-22T15:48:31+00:00","twitter_card":"summary_large_image","twitter_misc":{"Est. reading time":"7 minutes"},"schema":{"@context":"https:\/\/schema.org","@graph":[{"@type":"WebPage","@id":"https:\/\/elpajarrako.com\/politica-de-privacidad-y-proteccion-de-datos\/","url":"https:\/\/elpajarrako.com\/politica-de-privacidad-y-proteccion-de-datos\/","name":"Pol\u00edtica de privacidad y protecci\u00f3n de datos - elpajarrako.com","isPartOf":{"@id":"https:\/\/www.elpajarrako.com\/#website"},"datePublished":"2025-06-22T15:44:40+00:00","dateModified":"2025-06-22T15:48:31+00:00","breadcrumb":{"@id":"https:\/\/elpajarrako.com\/politica-de-privacidad-y-proteccion-de-datos\/#breadcrumb"},"inLanguage":"en-US","potentialAction":[{"@type":"ReadAction","target":["https:\/\/elpajarrako.com\/politica-de-privacidad-y-proteccion-de-datos\/"]}]},{"@type":"BreadcrumbList","@id":"https:\/\/elpajarrako.com\/politica-de-privacidad-y-proteccion-de-datos\/#breadcrumb","itemListElement":[{"@type":"ListItem","position":1,"name":"Home","item":"https:\/\/www.elpajarrako.com\/"},{"@type":"ListItem","position":2,"name":"Pol\u00edtica de privacidad y protecci\u00f3n de datos"}]},{"@type":"WebSite","@id":"https:\/\/www.elpajarrako.com\/#website","url":"https:\/\/www.elpajarrako.com\/","name":"elpajarrako.com","description":"","potentialAction":[{"@type":"SearchAction","target":{"@type":"EntryPoint","urlTemplate":"https:\/\/www.elpajarrako.com\/?s={search_term_string}"},"query-input":{"@type":"PropertyValueSpecification","valueRequired":true,"valueName":"search_term_string"}}],"inLanguage":"en-US"}]}},"_links":{"self":[{"href":"https:\/\/elpajarrako.com\/en\/wp-json\/wp\/v2\/pages\/2287","targetHints":{"allow":["GET"]}}],"collection":[{"href":"https:\/\/elpajarrako.com\/en\/wp-json\/wp\/v2\/pages"}],"about":[{"href":"https:\/\/elpajarrako.com\/en\/wp-json\/wp\/v2\/types\/page"}],"author":[{"embeddable":true,"href":"https:\/\/elpajarrako.com\/en\/wp-json\/wp\/v2\/users\/3"}],"replies":[{"embeddable":true,"href":"https:\/\/elpajarrako.com\/en\/wp-json\/wp\/v2\/comments?post=2287"}],"version-history":[{"count":4,"href":"https:\/\/elpajarrako.com\/en\/wp-json\/wp\/v2\/pages\/2287\/revisions"}],"predecessor-version":[{"id":2291,"href":"https:\/\/elpajarrako.com\/en\/wp-json\/wp\/v2\/pages\/2287\/revisions\/2291"}],"wp:attachment":[{"href":"https:\/\/elpajarrako.com\/en\/wp-json\/wp\/v2\/media?parent=2287"}],"curies":[{"name":"wp","href":"https:\/\/api.w.org\/{rel}","templated":true}]}}