{"id":109,"date":"2025-03-12T08:09:54","date_gmt":"2025-03-12T08:09:54","guid":{"rendered":"https:\/\/elpajarrako.com\/?post_type=product&#038;p=109"},"modified":"2026-03-26T18:58:52","modified_gmt":"2026-03-26T18:58:52","slug":"sudadera-cerrada-capucha-bicolor-adulto-copia","status":"publish","type":"product","link":"https:\/\/elpajarrako.com\/en\/product\/sudadera-cerrada-capucha-bicolor-adulto-copia\/","title":{"rendered":"Sudadera cerrada capucha bicolor ni\u00f1o (incluido impresi\u00f3n a todo color 1 posici\u00f3n)"},"content":{"rendered":"<p>Sudadera con capucha Roly de doble tejido, con cord\u00f3n ajustable, en acabados solido y bicolor. Cubrecosturas en el cuello y bolsillo canguro. Punto canal\u00e9 con elastano 1&#215;1 en pu\u00f1os y cintura. Modelo de ni\u00f1o sin cord\u00f3n.<\/p>","protected":false},"excerpt":{"rendered":"<p>Sudadera con capucha Roly de doble tejido, con cord\u00f3n ajustable, en acabados solido y bicolor. Cubrecosturas en el cuello y bolsillo canguro. Punto canal\u00e9 con elastano 1&#215;1 en pu\u00f1os y cintura. Modelo de ni\u00f1o sin cord\u00f3n.<\/p>","protected":false},"featured_media":1101,"template":"","meta":[],"product_brand":[],"product_cat":[19],"product_tag":[],"class_list":{"0":"post-109","1":"product","2":"type-product","3":"status-publish","4":"has-post-thumbnail","6":"product_cat-sudaderas","8":"first","9":"instock","10":"taxable","11":"shipping-taxable","12":"purchasable","13":"product-type-variable"},"yoast_head":"<!-- This site is optimized with the Yoast SEO plugin v24.6 - https:\/\/yoast.com\/wordpress\/plugins\/seo\/ -->\n<title>Sudadera cerrada capucha bicolor ni\u00f1o (incluido impresi\u00f3n a todo color 1 posici\u00f3n) - elpajarrako.com<\/title>\n<meta name=\"robots\" content=\"index, follow, max-snippet:-1, max-image-preview:large, max-video-preview:-1\" \/>\n<link rel=\"canonical\" href=\"https:\/\/elpajarrako.com\/en\/product\/sudadera-cerrada-capucha-bicolor-adulto-copia\/\" \/>\n<meta property=\"og:locale\" content=\"en_US\" \/>\n<meta property=\"og:type\" content=\"article\" \/>\n<meta property=\"og:title\" content=\"Sudadera cerrada capucha bicolor ni\u00f1o (incluido impresi\u00f3n a todo color 1 posici\u00f3n) - elpajarrako.com\" \/>\n<meta property=\"og:description\" content=\"Sudadera con capucha Roly de doble tejido, con cord\u00f3n ajustable, en acabados solido y bicolor. Cubrecosturas en el cuello y bolsillo canguro. Punto canal\u00e9 con elastano 1&#215;1 en pu\u00f1os y cintura. Modelo de ni\u00f1o sin cord\u00f3n.\" \/>\n<meta property=\"og:url\" content=\"https:\/\/elpajarrako.com\/en\/product\/sudadera-cerrada-capucha-bicolor-adulto-copia\/\" \/>\n<meta property=\"og:site_name\" content=\"elpajarrako.com\" \/>\n<meta property=\"article:modified_time\" content=\"2026-03-26T18:58:52+00:00\" \/>\n<meta property=\"og:image\" content=\"https:\/\/elpajarrako.com\/wp-content\/uploads\/2025\/03\/Captura-de-pantalla-2025-03-20-104457.png\" \/>\n\t<meta property=\"og:image:width\" content=\"597\" \/>\n\t<meta property=\"og:image:height\" content=\"761\" \/>\n\t<meta property=\"og:image:type\" content=\"image\/png\" \/>\n<meta name=\"twitter:card\" content=\"summary_large_image\" \/>\n<meta name=\"twitter:label1\" content=\"Est. reading time\" \/>\n\t<meta name=\"twitter:data1\" content=\"1 minute\" \/>\n<script type=\"application\/ld+json\" class=\"yoast-schema-graph\">{\"@context\":\"https:\/\/schema.org\",\"@graph\":[{\"@type\":\"WebPage\",\"@id\":\"https:\/\/elpajarrako.com\/producto\/sudadera-cerrada-capucha-bicolor-adulto-copia\/\",\"url\":\"https:\/\/elpajarrako.com\/producto\/sudadera-cerrada-capucha-bicolor-adulto-copia\/\",\"name\":\"Sudadera cerrada capucha bicolor ni\u00f1o (incluido impresi\u00f3n a todo color 1 posici\u00f3n) - elpajarrako.com\",\"isPartOf\":{\"@id\":\"https:\/\/www.elpajarrako.com\/#website\"},\"primaryImageOfPage\":{\"@id\":\"https:\/\/elpajarrako.com\/producto\/sudadera-cerrada-capucha-bicolor-adulto-copia\/#primaryimage\"},\"image\":{\"@id\":\"https:\/\/elpajarrako.com\/producto\/sudadera-cerrada-capucha-bicolor-adulto-copia\/#primaryimage\"},\"thumbnailUrl\":\"https:\/\/elpajarrako.com\/wp-content\/uploads\/2025\/03\/Captura-de-pantalla-2025-03-20-104457.png\",\"datePublished\":\"2025-03-12T08:09:54+00:00\",\"dateModified\":\"2026-03-26T18:58:52+00:00\",\"breadcrumb\":{\"@id\":\"https:\/\/elpajarrako.com\/producto\/sudadera-cerrada-capucha-bicolor-adulto-copia\/#breadcrumb\"},\"inLanguage\":\"en-US\",\"potentialAction\":[{\"@type\":\"ReadAction\",\"target\":[\"https:\/\/elpajarrako.com\/producto\/sudadera-cerrada-capucha-bicolor-adulto-copia\/\"]}]},{\"@type\":\"ImageObject\",\"inLanguage\":\"en-US\",\"@id\":\"https:\/\/elpajarrako.com\/producto\/sudadera-cerrada-capucha-bicolor-adulto-copia\/#primaryimage\",\"url\":\"https:\/\/elpajarrako.com\/wp-content\/uploads\/2025\/03\/Captura-de-pantalla-2025-03-20-104457.png\",\"contentUrl\":\"https:\/\/elpajarrako.com\/wp-content\/uploads\/2025\/03\/Captura-de-pantalla-2025-03-20-104457.png\",\"width\":597,\"height\":761},{\"@type\":\"BreadcrumbList\",\"@id\":\"https:\/\/elpajarrako.com\/producto\/sudadera-cerrada-capucha-bicolor-adulto-copia\/#breadcrumb\",\"itemListElement\":[{\"@type\":\"ListItem\",\"position\":1,\"name\":\"Home\",\"item\":\"https:\/\/www.elpajarrako.com\/\"},{\"@type\":\"ListItem\",\"position\":2,\"name\":\"Tienda\",\"item\":\"https:\/\/www.elpajarrako.com\/\"},{\"@type\":\"ListItem\",\"position\":3,\"name\":\"Sudadera cerrada capucha bicolor ni\u00f1o (incluido impresi\u00f3n a todo color 1 posici\u00f3n)\"}]},{\"@type\":\"WebSite\",\"@id\":\"https:\/\/www.elpajarrako.com\/#website\",\"url\":\"https:\/\/www.elpajarrako.com\/\",\"name\":\"elpajarrako.com\",\"description\":\"\",\"potentialAction\":[{\"@type\":\"SearchAction\",\"target\":{\"@type\":\"EntryPoint\",\"urlTemplate\":\"https:\/\/www.elpajarrako.com\/?s={search_term_string}\"},\"query-input\":{\"@type\":\"PropertyValueSpecification\",\"valueRequired\":true,\"valueName\":\"search_term_string\"}}],\"inLanguage\":\"en-US\"}]}<\/script>\n<!-- \/ Yoast SEO plugin. -->","yoast_head_json":{"title":"Sudadera cerrada capucha bicolor ni\u00f1o (incluido impresi\u00f3n a todo color 1 posici\u00f3n) - elpajarrako.com","robots":{"index":"index","follow":"follow","max-snippet":"max-snippet:-1","max-image-preview":"max-image-preview:large","max-video-preview":"max-video-preview:-1"},"canonical":"https:\/\/elpajarrako.com\/en\/product\/sudadera-cerrada-capucha-bicolor-adulto-copia\/","og_locale":"en_US","og_type":"article","og_title":"Sudadera cerrada capucha bicolor ni\u00f1o (incluido impresi\u00f3n a todo color 1 posici\u00f3n) - elpajarrako.com","og_description":"Sudadera con capucha Roly de doble tejido, con cord\u00f3n ajustable, en acabados solido y bicolor. Cubrecosturas en el cuello y bolsillo canguro. Punto canal\u00e9 con elastano 1&#215;1 en pu\u00f1os y cintura. Modelo de ni\u00f1o sin cord\u00f3n.","og_url":"https:\/\/elpajarrako.com\/en\/product\/sudadera-cerrada-capucha-bicolor-adulto-copia\/","og_site_name":"elpajarrako.com","article_modified_time":"2026-03-26T18:58:52+00:00","og_image":[{"width":597,"height":761,"url":"https:\/\/elpajarrako.com\/wp-content\/uploads\/2025\/03\/Captura-de-pantalla-2025-03-20-104457.png","type":"image\/png"}],"twitter_card":"summary_large_image","twitter_misc":{"Est. reading time":"1 minute"},"schema":{"@context":"https:\/\/schema.org","@graph":[{"@type":"WebPage","@id":"https:\/\/elpajarrako.com\/producto\/sudadera-cerrada-capucha-bicolor-adulto-copia\/","url":"https:\/\/elpajarrako.com\/producto\/sudadera-cerrada-capucha-bicolor-adulto-copia\/","name":"Sudadera cerrada capucha bicolor ni\u00f1o (incluido impresi\u00f3n a todo color 1 posici\u00f3n) - elpajarrako.com","isPartOf":{"@id":"https:\/\/www.elpajarrako.com\/#website"},"primaryImageOfPage":{"@id":"https:\/\/elpajarrako.com\/producto\/sudadera-cerrada-capucha-bicolor-adulto-copia\/#primaryimage"},"image":{"@id":"https:\/\/elpajarrako.com\/producto\/sudadera-cerrada-capucha-bicolor-adulto-copia\/#primaryimage"},"thumbnailUrl":"https:\/\/elpajarrako.com\/wp-content\/uploads\/2025\/03\/Captura-de-pantalla-2025-03-20-104457.png","datePublished":"2025-03-12T08:09:54+00:00","dateModified":"2026-03-26T18:58:52+00:00","breadcrumb":{"@id":"https:\/\/elpajarrako.com\/producto\/sudadera-cerrada-capucha-bicolor-adulto-copia\/#breadcrumb"},"inLanguage":"en-US","potentialAction":[{"@type":"ReadAction","target":["https:\/\/elpajarrako.com\/producto\/sudadera-cerrada-capucha-bicolor-adulto-copia\/"]}]},{"@type":"ImageObject","inLanguage":"en-US","@id":"https:\/\/elpajarrako.com\/producto\/sudadera-cerrada-capucha-bicolor-adulto-copia\/#primaryimage","url":"https:\/\/elpajarrako.com\/wp-content\/uploads\/2025\/03\/Captura-de-pantalla-2025-03-20-104457.png","contentUrl":"https:\/\/elpajarrako.com\/wp-content\/uploads\/2025\/03\/Captura-de-pantalla-2025-03-20-104457.png","width":597,"height":761},{"@type":"BreadcrumbList","@id":"https:\/\/elpajarrako.com\/producto\/sudadera-cerrada-capucha-bicolor-adulto-copia\/#breadcrumb","itemListElement":[{"@type":"ListItem","position":1,"name":"Home","item":"https:\/\/www.elpajarrako.com\/"},{"@type":"ListItem","position":2,"name":"Tienda","item":"https:\/\/www.elpajarrako.com\/"},{"@type":"ListItem","position":3,"name":"Sudadera cerrada capucha bicolor ni\u00f1o (incluido impresi\u00f3n a todo color 1 posici\u00f3n)"}]},{"@type":"WebSite","@id":"https:\/\/www.elpajarrako.com\/#website","url":"https:\/\/www.elpajarrako.com\/","name":"elpajarrako.com","description":"","potentialAction":[{"@type":"SearchAction","target":{"@type":"EntryPoint","urlTemplate":"https:\/\/www.elpajarrako.com\/?s={search_term_string}"},"query-input":{"@type":"PropertyValueSpecification","valueRequired":true,"valueName":"search_term_string"}}],"inLanguage":"en-US"}]}},"_links":{"self":[{"href":"https:\/\/elpajarrako.com\/en\/wp-json\/wp\/v2\/product\/109","targetHints":{"allow":["GET"]}}],"collection":[{"href":"https:\/\/elpajarrako.com\/en\/wp-json\/wp\/v2\/product"}],"about":[{"href":"https:\/\/elpajarrako.com\/en\/wp-json\/wp\/v2\/types\/product"}],"wp:featuredmedia":[{"embeddable":true,"href":"https:\/\/elpajarrako.com\/en\/wp-json\/wp\/v2\/media\/1101"}],"wp:attachment":[{"href":"https:\/\/elpajarrako.com\/en\/wp-json\/wp\/v2\/media?parent=109"}],"wp:term":[{"taxonomy":"product_brand","embeddable":true,"href":"https:\/\/elpajarrako.com\/en\/wp-json\/wp\/v2\/product_brand?post=109"},{"taxonomy":"product_cat","embeddable":true,"href":"https:\/\/elpajarrako.com\/en\/wp-json\/wp\/v2\/product_cat?post=109"},{"taxonomy":"product_tag","embeddable":true,"href":"https:\/\/elpajarrako.com\/en\/wp-json\/wp\/v2\/product_tag?post=109"}],"curies":[{"name":"wp","href":"https:\/\/api.w.org\/{rel}","templated":true}]}}