{"id":2384,"date":"2026-02-26T17:06:46","date_gmt":"2026-02-26T17:06:46","guid":{"rendered":"https:\/\/elpajarrako.com\/?post_type=product&#038;p=2384"},"modified":"2026-02-26T18:15:25","modified_gmt":"2026-02-26T18:15:25","slug":"polo-nautico","status":"publish","type":"product","link":"https:\/\/elpajarrako.com\/en\/product\/polo-nautico\/","title":{"rendered":"Polo Nautico"},"content":{"rendered":"<p>Polo N\u00e1utico piqu\u00e9 con bolsillo de 200 gramos<\/p>\n<p>\u00danicamente disponible en talla XL<\/p>\n<p>Color \u00fanico<\/p>","protected":false},"excerpt":{"rendered":"<p>Polo N\u00e1utico piqu\u00e9 con bolsillo de 200 gramos \u00danicamente disponible en talla XL Color \u00fanico<\/p>","protected":false},"featured_media":2388,"template":"","meta":[],"product_brand":[],"product_cat":[28],"product_tag":[],"class_list":{"0":"post-2384","1":"product","2":"type-product","3":"status-publish","4":"has-post-thumbnail","6":"product_cat-liquidacion","8":"first","9":"instock","10":"sale","11":"purchasable","12":"product-type-simple"},"yoast_head":"<!-- This site is optimized with the Yoast SEO plugin v24.6 - https:\/\/yoast.com\/wordpress\/plugins\/seo\/ -->\n<title>Polo Nautico - elpajarrako.com %<\/title>\n<meta name=\"robots\" content=\"index, follow, max-snippet:-1, max-image-preview:large, max-video-preview:-1\" \/>\n<link rel=\"canonical\" href=\"https:\/\/elpajarrako.com\/en\/product\/polo-nautico\/\" \/>\n<meta property=\"og:locale\" content=\"en_US\" \/>\n<meta property=\"og:type\" content=\"article\" \/>\n<meta property=\"og:title\" content=\"Polo Nautico - elpajarrako.com %\" \/>\n<meta property=\"og:description\" content=\"Polo N\u00e1utico piqu\u00e9 con bolsillo de 200 gramos \u00danicamente disponible en talla XL Color \u00fanico\" \/>\n<meta property=\"og:url\" content=\"https:\/\/elpajarrako.com\/en\/product\/polo-nautico\/\" \/>\n<meta property=\"og:site_name\" content=\"elpajarrako.com\" \/>\n<meta property=\"article:modified_time\" content=\"2026-02-26T18:15:25+00:00\" \/>\n<meta name=\"twitter:card\" content=\"summary_large_image\" \/>\n<meta name=\"twitter:label1\" content=\"Est. reading time\" \/>\n\t<meta name=\"twitter:data1\" content=\"1 minute\" \/>\n<script type=\"application\/ld+json\" class=\"yoast-schema-graph\">{\"@context\":\"https:\/\/schema.org\",\"@graph\":[{\"@type\":\"WebPage\",\"@id\":\"https:\/\/elpajarrako.com\/producto\/polo-nautico\/\",\"url\":\"https:\/\/elpajarrako.com\/producto\/polo-nautico\/\",\"name\":\"Polo Nautico - elpajarrako.com %\",\"isPartOf\":{\"@id\":\"https:\/\/www.elpajarrako.com\/#website\"},\"primaryImageOfPage\":{\"@id\":\"https:\/\/elpajarrako.com\/producto\/polo-nautico\/#primaryimage\"},\"image\":{\"@id\":\"https:\/\/elpajarrako.com\/producto\/polo-nautico\/#primaryimage\"},\"thumbnailUrl\":\"https:\/\/elpajarrako.com\/wp-content\/uploads\/2026\/02\/polo-Nautico-3-pdf.jpg\",\"datePublished\":\"2026-02-26T17:06:46+00:00\",\"dateModified\":\"2026-02-26T18:15:25+00:00\",\"breadcrumb\":{\"@id\":\"https:\/\/elpajarrako.com\/producto\/polo-nautico\/#breadcrumb\"},\"inLanguage\":\"en-US\",\"potentialAction\":[{\"@type\":\"ReadAction\",\"target\":[\"https:\/\/elpajarrako.com\/producto\/polo-nautico\/\"]}]},{\"@type\":\"ImageObject\",\"inLanguage\":\"en-US\",\"@id\":\"https:\/\/elpajarrako.com\/producto\/polo-nautico\/#primaryimage\",\"url\":\"https:\/\/elpajarrako.com\/wp-content\/uploads\/2026\/02\/polo-Nautico-3-pdf.jpg\",\"contentUrl\":\"https:\/\/elpajarrako.com\/wp-content\/uploads\/2026\/02\/polo-Nautico-3-pdf.jpg\"},{\"@type\":\"BreadcrumbList\",\"@id\":\"https:\/\/elpajarrako.com\/producto\/polo-nautico\/#breadcrumb\",\"itemListElement\":[{\"@type\":\"ListItem\",\"position\":1,\"name\":\"Home\",\"item\":\"https:\/\/www.elpajarrako.com\/\"},{\"@type\":\"ListItem\",\"position\":2,\"name\":\"Tienda\",\"item\":\"https:\/\/www.elpajarrako.com\/\"},{\"@type\":\"ListItem\",\"position\":3,\"name\":\"Polo Nautico\"}]},{\"@type\":\"WebSite\",\"@id\":\"https:\/\/www.elpajarrako.com\/#website\",\"url\":\"https:\/\/www.elpajarrako.com\/\",\"name\":\"elpajarrako.com\",\"description\":\"\",\"potentialAction\":[{\"@type\":\"SearchAction\",\"target\":{\"@type\":\"EntryPoint\",\"urlTemplate\":\"https:\/\/www.elpajarrako.com\/?s={search_term_string}\"},\"query-input\":{\"@type\":\"PropertyValueSpecification\",\"valueRequired\":true,\"valueName\":\"search_term_string\"}}],\"inLanguage\":\"en-US\"}]}<\/script>\n<!-- \/ Yoast SEO plugin. -->","yoast_head_json":{"title":"Polo Nautico - elpajarrako.com %","robots":{"index":"index","follow":"follow","max-snippet":"max-snippet:-1","max-image-preview":"max-image-preview:large","max-video-preview":"max-video-preview:-1"},"canonical":"https:\/\/elpajarrako.com\/en\/product\/polo-nautico\/","og_locale":"en_US","og_type":"article","og_title":"Polo Nautico - elpajarrako.com %","og_description":"Polo N\u00e1utico piqu\u00e9 con bolsillo de 200 gramos \u00danicamente disponible en talla XL Color \u00fanico","og_url":"https:\/\/elpajarrako.com\/en\/product\/polo-nautico\/","og_site_name":"elpajarrako.com","article_modified_time":"2026-02-26T18:15:25+00:00","twitter_card":"summary_large_image","twitter_misc":{"Est. reading time":"1 minute"},"schema":{"@context":"https:\/\/schema.org","@graph":[{"@type":"WebPage","@id":"https:\/\/elpajarrako.com\/producto\/polo-nautico\/","url":"https:\/\/elpajarrako.com\/producto\/polo-nautico\/","name":"Polo Nautico - elpajarrako.com %","isPartOf":{"@id":"https:\/\/www.elpajarrako.com\/#website"},"primaryImageOfPage":{"@id":"https:\/\/elpajarrako.com\/producto\/polo-nautico\/#primaryimage"},"image":{"@id":"https:\/\/elpajarrako.com\/producto\/polo-nautico\/#primaryimage"},"thumbnailUrl":"https:\/\/elpajarrako.com\/wp-content\/uploads\/2026\/02\/polo-Nautico-3-pdf.jpg","datePublished":"2026-02-26T17:06:46+00:00","dateModified":"2026-02-26T18:15:25+00:00","breadcrumb":{"@id":"https:\/\/elpajarrako.com\/producto\/polo-nautico\/#breadcrumb"},"inLanguage":"en-US","potentialAction":[{"@type":"ReadAction","target":["https:\/\/elpajarrako.com\/producto\/polo-nautico\/"]}]},{"@type":"ImageObject","inLanguage":"en-US","@id":"https:\/\/elpajarrako.com\/producto\/polo-nautico\/#primaryimage","url":"https:\/\/elpajarrako.com\/wp-content\/uploads\/2026\/02\/polo-Nautico-3-pdf.jpg","contentUrl":"https:\/\/elpajarrako.com\/wp-content\/uploads\/2026\/02\/polo-Nautico-3-pdf.jpg"},{"@type":"BreadcrumbList","@id":"https:\/\/elpajarrako.com\/producto\/polo-nautico\/#breadcrumb","itemListElement":[{"@type":"ListItem","position":1,"name":"Home","item":"https:\/\/www.elpajarrako.com\/"},{"@type":"ListItem","position":2,"name":"Tienda","item":"https:\/\/www.elpajarrako.com\/"},{"@type":"ListItem","position":3,"name":"Polo Nautico"}]},{"@type":"WebSite","@id":"https:\/\/www.elpajarrako.com\/#website","url":"https:\/\/www.elpajarrako.com\/","name":"elpajarrako.com","description":"","potentialAction":[{"@type":"SearchAction","target":{"@type":"EntryPoint","urlTemplate":"https:\/\/www.elpajarrako.com\/?s={search_term_string}"},"query-input":{"@type":"PropertyValueSpecification","valueRequired":true,"valueName":"search_term_string"}}],"inLanguage":"en-US"}]}},"_links":{"self":[{"href":"https:\/\/elpajarrako.com\/en\/wp-json\/wp\/v2\/product\/2384","targetHints":{"allow":["GET"]}}],"collection":[{"href":"https:\/\/elpajarrako.com\/en\/wp-json\/wp\/v2\/product"}],"about":[{"href":"https:\/\/elpajarrako.com\/en\/wp-json\/wp\/v2\/types\/product"}],"wp:featuredmedia":[{"embeddable":true,"href":"https:\/\/elpajarrako.com\/en\/wp-json\/wp\/v2\/media\/2388"}],"wp:attachment":[{"href":"https:\/\/elpajarrako.com\/en\/wp-json\/wp\/v2\/media?parent=2384"}],"wp:term":[{"taxonomy":"product_brand","embeddable":true,"href":"https:\/\/elpajarrako.com\/en\/wp-json\/wp\/v2\/product_brand?post=2384"},{"taxonomy":"product_cat","embeddable":true,"href":"https:\/\/elpajarrako.com\/en\/wp-json\/wp\/v2\/product_cat?post=2384"},{"taxonomy":"product_tag","embeddable":true,"href":"https:\/\/elpajarrako.com\/en\/wp-json\/wp\/v2\/product_tag?post=2384"}],"curies":[{"name":"wp","href":"https:\/\/api.w.org\/{rel}","templated":true}]}}