{"id":2411,"date":"2026-03-04T19:16:39","date_gmt":"2026-03-04T19:16:39","guid":{"rendered":"https:\/\/elpajarrako.com\/?post_type=product&#038;p=2411"},"modified":"2026-03-26T18:12:44","modified_gmt":"2026-03-26T18:12:44","slug":"sudadera-cerrada-clasica","status":"publish","type":"product","link":"https:\/\/elpajarrako.com\/en\/product\/sudadera-cerrada-clasica\/","title":{"rendered":"Sudadera cerrada cl\u00e1sica (incluido impresi\u00f3n a todo color 1 posici\u00f3n)"},"content":{"rendered":"<p>60% Algod\u00f3n\/ 40% Poli\u00e9ster 280 g\/ m2confort. Cubrecosturas reforzado en el interior del cuello.punto canal\u00e9 1&#215;1 con elastano, que aporta mayor ajuste y perchada 280 g\/m2. Con cuello redondo, pu\u00f1os y cinturilla en Sudadera unisex en algod\u00f3n y poliester en suave felpa<\/p>","protected":false},"excerpt":{"rendered":"<p>60% Algod\u00f3n\/ 40% Poli\u00e9ster 280 g\/ m2confort. Cubrecosturas reforzado en el interior del cuello.punto canal\u00e9 1&#215;1 con elastano, que aporta mayor ajuste y perchada 280 g\/m2. Con cuello redondo, pu\u00f1os y cinturilla en Sudadera unisex en algod\u00f3n y poliester en suave felpa<\/p>","protected":false},"featured_media":2414,"template":"","meta":[],"product_brand":[],"product_cat":[19],"product_tag":[],"class_list":{"0":"post-2411","1":"product","2":"type-product","3":"status-publish","4":"has-post-thumbnail","6":"product_cat-sudaderas","8":"first","9":"instock","10":"taxable","11":"shipping-taxable","12":"purchasable","13":"product-type-variable"},"yoast_head":"<!-- This site is optimized with the Yoast SEO plugin v24.6 - https:\/\/yoast.com\/wordpress\/plugins\/seo\/ -->\n<title>Sudadera cerrada cl\u00e1sica (incluido impresi\u00f3n a todo color 1 posici\u00f3n) - elpajarrako.com %<\/title>\n<meta name=\"robots\" content=\"index, follow, max-snippet:-1, max-image-preview:large, max-video-preview:-1\" \/>\n<link rel=\"canonical\" href=\"https:\/\/elpajarrako.com\/en\/product\/sudadera-cerrada-clasica\/\" \/>\n<meta property=\"og:locale\" content=\"en_US\" \/>\n<meta property=\"og:type\" content=\"article\" \/>\n<meta property=\"og:title\" content=\"Sudadera cerrada cl\u00e1sica (incluido impresi\u00f3n a todo color 1 posici\u00f3n) - elpajarrako.com %\" \/>\n<meta property=\"og:description\" content=\"60% Algod\u00f3n\/ 40% Poli\u00e9ster 280 g\/ m2confort. Cubrecosturas reforzado en el interior del cuello.punto canal\u00e9 1&#215;1 con elastano, que aporta mayor ajuste y perchada 280 g\/m2. Con cuello redondo, pu\u00f1os y cinturilla en Sudadera unisex en algod\u00f3n y poliester en suave felpa\" \/>\n<meta property=\"og:url\" content=\"https:\/\/elpajarrako.com\/en\/product\/sudadera-cerrada-clasica\/\" \/>\n<meta property=\"og:site_name\" content=\"elpajarrako.com\" \/>\n<meta property=\"article:modified_time\" content=\"2026-03-26T18:12:44+00:00\" \/>\n<meta name=\"twitter:card\" content=\"summary_large_image\" \/>\n<meta name=\"twitter:label1\" content=\"Est. reading time\" \/>\n\t<meta name=\"twitter:data1\" content=\"1 minute\" \/>\n<script type=\"application\/ld+json\" class=\"yoast-schema-graph\">{\"@context\":\"https:\/\/schema.org\",\"@graph\":[{\"@type\":\"WebPage\",\"@id\":\"https:\/\/elpajarrako.com\/producto\/sudadera-cerrada-clasica\/\",\"url\":\"https:\/\/elpajarrako.com\/producto\/sudadera-cerrada-clasica\/\",\"name\":\"Sudadera cerrada cl\u00e1sica (incluido impresi\u00f3n a todo color 1 posici\u00f3n) - elpajarrako.com %\",\"isPartOf\":{\"@id\":\"https:\/\/www.elpajarrako.com\/#website\"},\"primaryImageOfPage\":{\"@id\":\"https:\/\/elpajarrako.com\/producto\/sudadera-cerrada-clasica\/#primaryimage\"},\"image\":{\"@id\":\"https:\/\/elpajarrako.com\/producto\/sudadera-cerrada-clasica\/#primaryimage\"},\"thumbnailUrl\":\"https:\/\/elpajarrako.com\/wp-content\/uploads\/2026\/03\/SUDADERA-CERRADA-CLASICA-pdf-1.jpg\",\"datePublished\":\"2026-03-04T19:16:39+00:00\",\"dateModified\":\"2026-03-26T18:12:44+00:00\",\"breadcrumb\":{\"@id\":\"https:\/\/elpajarrako.com\/producto\/sudadera-cerrada-clasica\/#breadcrumb\"},\"inLanguage\":\"en-US\",\"potentialAction\":[{\"@type\":\"ReadAction\",\"target\":[\"https:\/\/elpajarrako.com\/producto\/sudadera-cerrada-clasica\/\"]}]},{\"@type\":\"ImageObject\",\"inLanguage\":\"en-US\",\"@id\":\"https:\/\/elpajarrako.com\/producto\/sudadera-cerrada-clasica\/#primaryimage\",\"url\":\"https:\/\/elpajarrako.com\/wp-content\/uploads\/2026\/03\/SUDADERA-CERRADA-CLASICA-pdf-1.jpg\",\"contentUrl\":\"https:\/\/elpajarrako.com\/wp-content\/uploads\/2026\/03\/SUDADERA-CERRADA-CLASICA-pdf-1.jpg\"},{\"@type\":\"BreadcrumbList\",\"@id\":\"https:\/\/elpajarrako.com\/producto\/sudadera-cerrada-clasica\/#breadcrumb\",\"itemListElement\":[{\"@type\":\"ListItem\",\"position\":1,\"name\":\"Home\",\"item\":\"https:\/\/www.elpajarrako.com\/\"},{\"@type\":\"ListItem\",\"position\":2,\"name\":\"Tienda\",\"item\":\"https:\/\/www.elpajarrako.com\/\"},{\"@type\":\"ListItem\",\"position\":3,\"name\":\"Sudadera cerrada cl\u00e1sica (incluido impresi\u00f3n a todo color 1 posici\u00f3n)\"}]},{\"@type\":\"WebSite\",\"@id\":\"https:\/\/www.elpajarrako.com\/#website\",\"url\":\"https:\/\/www.elpajarrako.com\/\",\"name\":\"elpajarrako.com\",\"description\":\"\",\"potentialAction\":[{\"@type\":\"SearchAction\",\"target\":{\"@type\":\"EntryPoint\",\"urlTemplate\":\"https:\/\/www.elpajarrako.com\/?s={search_term_string}\"},\"query-input\":{\"@type\":\"PropertyValueSpecification\",\"valueRequired\":true,\"valueName\":\"search_term_string\"}}],\"inLanguage\":\"en-US\"}]}<\/script>\n<!-- \/ Yoast SEO plugin. -->","yoast_head_json":{"title":"Sudadera cerrada cl\u00e1sica (incluido impresi\u00f3n a todo color 1 posici\u00f3n) - elpajarrako.com %","robots":{"index":"index","follow":"follow","max-snippet":"max-snippet:-1","max-image-preview":"max-image-preview:large","max-video-preview":"max-video-preview:-1"},"canonical":"https:\/\/elpajarrako.com\/en\/product\/sudadera-cerrada-clasica\/","og_locale":"en_US","og_type":"article","og_title":"Sudadera cerrada cl\u00e1sica (incluido impresi\u00f3n a todo color 1 posici\u00f3n) - elpajarrako.com %","og_description":"60% Algod\u00f3n\/ 40% Poli\u00e9ster 280 g\/ m2confort. Cubrecosturas reforzado en el interior del cuello.punto canal\u00e9 1&#215;1 con elastano, que aporta mayor ajuste y perchada 280 g\/m2. Con cuello redondo, pu\u00f1os y cinturilla en Sudadera unisex en algod\u00f3n y poliester en suave felpa","og_url":"https:\/\/elpajarrako.com\/en\/product\/sudadera-cerrada-clasica\/","og_site_name":"elpajarrako.com","article_modified_time":"2026-03-26T18:12:44+00:00","twitter_card":"summary_large_image","twitter_misc":{"Est. reading time":"1 minute"},"schema":{"@context":"https:\/\/schema.org","@graph":[{"@type":"WebPage","@id":"https:\/\/elpajarrako.com\/producto\/sudadera-cerrada-clasica\/","url":"https:\/\/elpajarrako.com\/producto\/sudadera-cerrada-clasica\/","name":"Sudadera cerrada cl\u00e1sica (incluido impresi\u00f3n a todo color 1 posici\u00f3n) - elpajarrako.com %","isPartOf":{"@id":"https:\/\/www.elpajarrako.com\/#website"},"primaryImageOfPage":{"@id":"https:\/\/elpajarrako.com\/producto\/sudadera-cerrada-clasica\/#primaryimage"},"image":{"@id":"https:\/\/elpajarrako.com\/producto\/sudadera-cerrada-clasica\/#primaryimage"},"thumbnailUrl":"https:\/\/elpajarrako.com\/wp-content\/uploads\/2026\/03\/SUDADERA-CERRADA-CLASICA-pdf-1.jpg","datePublished":"2026-03-04T19:16:39+00:00","dateModified":"2026-03-26T18:12:44+00:00","breadcrumb":{"@id":"https:\/\/elpajarrako.com\/producto\/sudadera-cerrada-clasica\/#breadcrumb"},"inLanguage":"en-US","potentialAction":[{"@type":"ReadAction","target":["https:\/\/elpajarrako.com\/producto\/sudadera-cerrada-clasica\/"]}]},{"@type":"ImageObject","inLanguage":"en-US","@id":"https:\/\/elpajarrako.com\/producto\/sudadera-cerrada-clasica\/#primaryimage","url":"https:\/\/elpajarrako.com\/wp-content\/uploads\/2026\/03\/SUDADERA-CERRADA-CLASICA-pdf-1.jpg","contentUrl":"https:\/\/elpajarrako.com\/wp-content\/uploads\/2026\/03\/SUDADERA-CERRADA-CLASICA-pdf-1.jpg"},{"@type":"BreadcrumbList","@id":"https:\/\/elpajarrako.com\/producto\/sudadera-cerrada-clasica\/#breadcrumb","itemListElement":[{"@type":"ListItem","position":1,"name":"Home","item":"https:\/\/www.elpajarrako.com\/"},{"@type":"ListItem","position":2,"name":"Tienda","item":"https:\/\/www.elpajarrako.com\/"},{"@type":"ListItem","position":3,"name":"Sudadera cerrada cl\u00e1sica (incluido impresi\u00f3n a todo color 1 posici\u00f3n)"}]},{"@type":"WebSite","@id":"https:\/\/www.elpajarrako.com\/#website","url":"https:\/\/www.elpajarrako.com\/","name":"elpajarrako.com","description":"","potentialAction":[{"@type":"SearchAction","target":{"@type":"EntryPoint","urlTemplate":"https:\/\/www.elpajarrako.com\/?s={search_term_string}"},"query-input":{"@type":"PropertyValueSpecification","valueRequired":true,"valueName":"search_term_string"}}],"inLanguage":"en-US"}]}},"_links":{"self":[{"href":"https:\/\/elpajarrako.com\/en\/wp-json\/wp\/v2\/product\/2411","targetHints":{"allow":["GET"]}}],"collection":[{"href":"https:\/\/elpajarrako.com\/en\/wp-json\/wp\/v2\/product"}],"about":[{"href":"https:\/\/elpajarrako.com\/en\/wp-json\/wp\/v2\/types\/product"}],"wp:featuredmedia":[{"embeddable":true,"href":"https:\/\/elpajarrako.com\/en\/wp-json\/wp\/v2\/media\/2414"}],"wp:attachment":[{"href":"https:\/\/elpajarrako.com\/en\/wp-json\/wp\/v2\/media?parent=2411"}],"wp:term":[{"taxonomy":"product_brand","embeddable":true,"href":"https:\/\/elpajarrako.com\/en\/wp-json\/wp\/v2\/product_brand?post=2411"},{"taxonomy":"product_cat","embeddable":true,"href":"https:\/\/elpajarrako.com\/en\/wp-json\/wp\/v2\/product_cat?post=2411"},{"taxonomy":"product_tag","embeddable":true,"href":"https:\/\/elpajarrako.com\/en\/wp-json\/wp\/v2\/product_tag?post=2411"}],"curies":[{"name":"wp","href":"https:\/\/api.w.org\/{rel}","templated":true}]}}