{"id":84,"date":"2025-03-11T12:44:37","date_gmt":"2025-03-11T12:44:37","guid":{"rendered":"https:\/\/elpajarrako.com\/product\/camiseta-adulto\/"},"modified":"2026-03-30T18:25:29","modified_gmt":"2026-03-30T18:25:29","slug":"camiseta-adulto","status":"publish","type":"product","link":"https:\/\/elpajarrako.com\/en\/product\/camiseta-adulto\/","title":{"rendered":"Camiseta adulto Fruit Value (incluido impresi\u00f3n a todo color 1 posici\u00f3n)"},"content":{"rendered":"<ul>\n<li>Camisetas de corte cl\u00e1sico<\/li>\n<li>100% algod\u00f3n hilo Belcoro\u00ae<\/li>\n<li>Cuello redondo de algod\u00f3n\/lycra<\/li>\n<li>Tejido tubular<\/li>\n<li>Malla m\u00e1s cerrada para mejorar la impresi\u00f3n<\/li>\n<li>Tallas de la S a la 5XL<\/li>\n<li>Hasta 25 colores para elegir<\/li>\n<li>Disponibles sin estampar<\/li>\n<li>Pedidos a partir de 10 unidades<\/li>\n<li>Modelos para ellas y en tallas infantiles<\/li>\n<\/ul>","protected":false},"excerpt":{"rendered":"<p>Camisetas de corte cl\u00e1sico 100% algod\u00f3n hilo Belcoro\u00ae Cuello redondo de algod\u00f3n\/lycra Tejido tubular Malla m\u00e1s cerrada para mejorar la impresi\u00f3n Tallas de la S a la 5XL Hasta 25 colores para elegir Disponibles sin estampar Pedidos a partir de 10 unidades Modelos para ellas y en tallas infantiles<\/p>","protected":false},"featured_media":123,"template":"","meta":[],"product_brand":[],"product_cat":[17],"product_tag":[],"class_list":{"0":"post-84","1":"product","2":"type-product","3":"status-publish","4":"has-post-thumbnail","6":"product_cat-camisetas","8":"first","9":"instock","10":"taxable","11":"shipping-taxable","12":"purchasable","13":"product-type-variable"},"yoast_head":"<!-- This site is optimized with the Yoast SEO plugin v24.6 - https:\/\/yoast.com\/wordpress\/plugins\/seo\/ -->\n<title>Camiseta adulto Fruit Value (incluido impresi\u00f3n a todo color 1 posici\u00f3n) - elpajarrako.com<\/title>\n<meta name=\"robots\" content=\"index, follow, max-snippet:-1, max-image-preview:large, max-video-preview:-1\" \/>\n<link rel=\"canonical\" href=\"https:\/\/elpajarrako.com\/en\/product\/camiseta-adulto\/\" \/>\n<meta property=\"og:locale\" content=\"en_US\" \/>\n<meta property=\"og:type\" content=\"article\" \/>\n<meta property=\"og:title\" content=\"Camiseta adulto Fruit Value (incluido impresi\u00f3n a todo color 1 posici\u00f3n) - elpajarrako.com\" \/>\n<meta property=\"og:description\" content=\"Camisetas de corte cl\u00e1sico 100% algod\u00f3n hilo Belcoro\u00ae Cuello redondo de algod\u00f3n\/lycra Tejido tubular Malla m\u00e1s cerrada para mejorar la impresi\u00f3n Tallas de la S a la 5XL Hasta 25 colores para elegir Disponibles sin estampar Pedidos a partir de 10 unidades Modelos para ellas y en tallas infantiles\" \/>\n<meta property=\"og:url\" content=\"https:\/\/elpajarrako.com\/en\/product\/camiseta-adulto\/\" \/>\n<meta property=\"og:site_name\" content=\"elpajarrako.com\" \/>\n<meta property=\"article:modified_time\" content=\"2026-03-30T18:25:29+00:00\" \/>\n<meta property=\"og:image\" content=\"https:\/\/elpajarrako.com\/wp-content\/uploads\/2025\/03\/Captura-de-pantalla-2025-03-12-095618.png\" \/>\n\t<meta property=\"og:image:width\" content=\"492\" \/>\n\t<meta property=\"og:image:height\" content=\"651\" \/>\n\t<meta property=\"og:image:type\" content=\"image\/png\" \/>\n<meta name=\"twitter:card\" content=\"summary_large_image\" \/>\n<meta name=\"twitter:label1\" content=\"Est. reading time\" \/>\n\t<meta name=\"twitter:data1\" content=\"1 minute\" \/>\n<script type=\"application\/ld+json\" class=\"yoast-schema-graph\">{\"@context\":\"https:\/\/schema.org\",\"@graph\":[{\"@type\":\"WebPage\",\"@id\":\"https:\/\/elpajarrako.com\/producto\/camiseta-adulto\/\",\"url\":\"https:\/\/elpajarrako.com\/producto\/camiseta-adulto\/\",\"name\":\"Camiseta adulto Fruit Value (incluido impresi\u00f3n a todo color 1 posici\u00f3n) - elpajarrako.com\",\"isPartOf\":{\"@id\":\"https:\/\/www.elpajarrako.com\/#website\"},\"primaryImageOfPage\":{\"@id\":\"https:\/\/elpajarrako.com\/producto\/camiseta-adulto\/#primaryimage\"},\"image\":{\"@id\":\"https:\/\/elpajarrako.com\/producto\/camiseta-adulto\/#primaryimage\"},\"thumbnailUrl\":\"https:\/\/elpajarrako.com\/wp-content\/uploads\/2025\/03\/Captura-de-pantalla-2025-03-12-095618.png\",\"datePublished\":\"2025-03-11T12:44:37+00:00\",\"dateModified\":\"2026-03-30T18:25:29+00:00\",\"breadcrumb\":{\"@id\":\"https:\/\/elpajarrako.com\/producto\/camiseta-adulto\/#breadcrumb\"},\"inLanguage\":\"en-US\",\"potentialAction\":[{\"@type\":\"ReadAction\",\"target\":[\"https:\/\/elpajarrako.com\/producto\/camiseta-adulto\/\"]}]},{\"@type\":\"ImageObject\",\"inLanguage\":\"en-US\",\"@id\":\"https:\/\/elpajarrako.com\/producto\/camiseta-adulto\/#primaryimage\",\"url\":\"https:\/\/elpajarrako.com\/wp-content\/uploads\/2025\/03\/Captura-de-pantalla-2025-03-12-095618.png\",\"contentUrl\":\"https:\/\/elpajarrako.com\/wp-content\/uploads\/2025\/03\/Captura-de-pantalla-2025-03-12-095618.png\",\"width\":492,\"height\":651},{\"@type\":\"BreadcrumbList\",\"@id\":\"https:\/\/elpajarrako.com\/producto\/camiseta-adulto\/#breadcrumb\",\"itemListElement\":[{\"@type\":\"ListItem\",\"position\":1,\"name\":\"Home\",\"item\":\"https:\/\/www.elpajarrako.com\/\"},{\"@type\":\"ListItem\",\"position\":2,\"name\":\"Tienda\",\"item\":\"https:\/\/www.elpajarrako.com\/\"},{\"@type\":\"ListItem\",\"position\":3,\"name\":\"Camiseta adulto Fruit Value (incluido impresi\u00f3n a todo color 1 posici\u00f3n)\"}]},{\"@type\":\"WebSite\",\"@id\":\"https:\/\/www.elpajarrako.com\/#website\",\"url\":\"https:\/\/www.elpajarrako.com\/\",\"name\":\"elpajarrako.com\",\"description\":\"\",\"potentialAction\":[{\"@type\":\"SearchAction\",\"target\":{\"@type\":\"EntryPoint\",\"urlTemplate\":\"https:\/\/www.elpajarrako.com\/?s={search_term_string}\"},\"query-input\":{\"@type\":\"PropertyValueSpecification\",\"valueRequired\":true,\"valueName\":\"search_term_string\"}}],\"inLanguage\":\"en-US\"}]}<\/script>\n<!-- \/ Yoast SEO plugin. -->","yoast_head_json":{"title":"Camiseta adulto Fruit Value (incluido impresi\u00f3n a todo color 1 posici\u00f3n) - elpajarrako.com","robots":{"index":"index","follow":"follow","max-snippet":"max-snippet:-1","max-image-preview":"max-image-preview:large","max-video-preview":"max-video-preview:-1"},"canonical":"https:\/\/elpajarrako.com\/en\/product\/camiseta-adulto\/","og_locale":"en_US","og_type":"article","og_title":"Camiseta adulto Fruit Value (incluido impresi\u00f3n a todo color 1 posici\u00f3n) - elpajarrako.com","og_description":"Camisetas de corte cl\u00e1sico 100% algod\u00f3n hilo Belcoro\u00ae Cuello redondo de algod\u00f3n\/lycra Tejido tubular Malla m\u00e1s cerrada para mejorar la impresi\u00f3n Tallas de la S a la 5XL Hasta 25 colores para elegir Disponibles sin estampar Pedidos a partir de 10 unidades Modelos para ellas y en tallas infantiles","og_url":"https:\/\/elpajarrako.com\/en\/product\/camiseta-adulto\/","og_site_name":"elpajarrako.com","article_modified_time":"2026-03-30T18:25:29+00:00","og_image":[{"width":492,"height":651,"url":"https:\/\/elpajarrako.com\/wp-content\/uploads\/2025\/03\/Captura-de-pantalla-2025-03-12-095618.png","type":"image\/png"}],"twitter_card":"summary_large_image","twitter_misc":{"Est. reading time":"1 minute"},"schema":{"@context":"https:\/\/schema.org","@graph":[{"@type":"WebPage","@id":"https:\/\/elpajarrako.com\/producto\/camiseta-adulto\/","url":"https:\/\/elpajarrako.com\/producto\/camiseta-adulto\/","name":"Camiseta adulto Fruit Value (incluido impresi\u00f3n a todo color 1 posici\u00f3n) - elpajarrako.com","isPartOf":{"@id":"https:\/\/www.elpajarrako.com\/#website"},"primaryImageOfPage":{"@id":"https:\/\/elpajarrako.com\/producto\/camiseta-adulto\/#primaryimage"},"image":{"@id":"https:\/\/elpajarrako.com\/producto\/camiseta-adulto\/#primaryimage"},"thumbnailUrl":"https:\/\/elpajarrako.com\/wp-content\/uploads\/2025\/03\/Captura-de-pantalla-2025-03-12-095618.png","datePublished":"2025-03-11T12:44:37+00:00","dateModified":"2026-03-30T18:25:29+00:00","breadcrumb":{"@id":"https:\/\/elpajarrako.com\/producto\/camiseta-adulto\/#breadcrumb"},"inLanguage":"en-US","potentialAction":[{"@type":"ReadAction","target":["https:\/\/elpajarrako.com\/producto\/camiseta-adulto\/"]}]},{"@type":"ImageObject","inLanguage":"en-US","@id":"https:\/\/elpajarrako.com\/producto\/camiseta-adulto\/#primaryimage","url":"https:\/\/elpajarrako.com\/wp-content\/uploads\/2025\/03\/Captura-de-pantalla-2025-03-12-095618.png","contentUrl":"https:\/\/elpajarrako.com\/wp-content\/uploads\/2025\/03\/Captura-de-pantalla-2025-03-12-095618.png","width":492,"height":651},{"@type":"BreadcrumbList","@id":"https:\/\/elpajarrako.com\/producto\/camiseta-adulto\/#breadcrumb","itemListElement":[{"@type":"ListItem","position":1,"name":"Home","item":"https:\/\/www.elpajarrako.com\/"},{"@type":"ListItem","position":2,"name":"Tienda","item":"https:\/\/www.elpajarrako.com\/"},{"@type":"ListItem","position":3,"name":"Camiseta adulto Fruit Value (incluido impresi\u00f3n a todo color 1 posici\u00f3n)"}]},{"@type":"WebSite","@id":"https:\/\/www.elpajarrako.com\/#website","url":"https:\/\/www.elpajarrako.com\/","name":"elpajarrako.com","description":"","potentialAction":[{"@type":"SearchAction","target":{"@type":"EntryPoint","urlTemplate":"https:\/\/www.elpajarrako.com\/?s={search_term_string}"},"query-input":{"@type":"PropertyValueSpecification","valueRequired":true,"valueName":"search_term_string"}}],"inLanguage":"en-US"}]}},"_links":{"self":[{"href":"https:\/\/elpajarrako.com\/en\/wp-json\/wp\/v2\/product\/84","targetHints":{"allow":["GET"]}}],"collection":[{"href":"https:\/\/elpajarrako.com\/en\/wp-json\/wp\/v2\/product"}],"about":[{"href":"https:\/\/elpajarrako.com\/en\/wp-json\/wp\/v2\/types\/product"}],"wp:featuredmedia":[{"embeddable":true,"href":"https:\/\/elpajarrako.com\/en\/wp-json\/wp\/v2\/media\/123"}],"wp:attachment":[{"href":"https:\/\/elpajarrako.com\/en\/wp-json\/wp\/v2\/media?parent=84"}],"wp:term":[{"taxonomy":"product_brand","embeddable":true,"href":"https:\/\/elpajarrako.com\/en\/wp-json\/wp\/v2\/product_brand?post=84"},{"taxonomy":"product_cat","embeddable":true,"href":"https:\/\/elpajarrako.com\/en\/wp-json\/wp\/v2\/product_cat?post=84"},{"taxonomy":"product_tag","embeddable":true,"href":"https:\/\/elpajarrako.com\/en\/wp-json\/wp\/v2\/product_tag?post=84"}],"curies":[{"name":"wp","href":"https:\/\/api.w.org\/{rel}","templated":true}]}}