{"id":90,"date":"2025-03-11T12:44:37","date_gmt":"2025-03-11T12:44:37","guid":{"rendered":"https:\/\/elpajarrako.com\/product\/polo-hombre\/"},"modified":"2025-03-23T13:02:38","modified_gmt":"2025-03-23T13:02:38","slug":"polo-hombre","status":"publish","type":"product","link":"https:\/\/elpajarrako.com\/en\/product\/polo-hombre\/","title":{"rendered":"Polo hombre"},"content":{"rendered":"<p>65% poli\u00e9ster \/ 35% algod\u00f3n. Cuello y bajo de mangas con canal\u00e9 1&#215;1. Tapeta con 3 botones a tono. Bot\u00f3n recambio cosido en el interior. Tira cubrecosturas en el cuello. Costuras reforzadas en hombros. Lavable a 60\u00b0C.<\/p>","protected":false},"excerpt":{"rendered":"<p>65% poli\u00e9ster \/ 35% algod\u00f3n. Cuello y bajo de mangas con canal\u00e9 1&#215;1. Tapeta con 3 botones a tono. Bot\u00f3n recambio cosido en el interior. Tira cubrecosturas en el cuello. Costuras reforzadas en hombros. Lavable a 60\u00b0C.<\/p>","protected":false},"featured_media":119,"template":"","meta":[],"product_brand":[],"product_cat":[18],"product_tag":[],"class_list":{"0":"post-90","1":"product","2":"type-product","3":"status-publish","4":"has-post-thumbnail","6":"product_cat-polos","8":"first","9":"instock","10":"taxable","11":"shipping-taxable","12":"purchasable","13":"product-type-variable"},"yoast_head":"<!-- This site is optimized with the Yoast SEO plugin v24.6 - https:\/\/yoast.com\/wordpress\/plugins\/seo\/ -->\n<title>Polo hombre - elpajarrako.com<\/title>\n<meta name=\"robots\" content=\"index, follow, max-snippet:-1, max-image-preview:large, max-video-preview:-1\" \/>\n<link rel=\"canonical\" href=\"https:\/\/elpajarrako.com\/en\/product\/polo-hombre\/\" \/>\n<meta property=\"og:locale\" content=\"en_US\" \/>\n<meta property=\"og:type\" content=\"article\" \/>\n<meta property=\"og:title\" content=\"Polo hombre - elpajarrako.com\" \/>\n<meta property=\"og:description\" content=\"65% poli\u00e9ster \/ 35% algod\u00f3n. Cuello y bajo de mangas con canal\u00e9 1&#215;1. Tapeta con 3 botones a tono. Bot\u00f3n recambio cosido en el interior. Tira cubrecosturas en el cuello. Costuras reforzadas en hombros. Lavable a 60\u00b0C.\" \/>\n<meta property=\"og:url\" content=\"https:\/\/elpajarrako.com\/en\/product\/polo-hombre\/\" \/>\n<meta property=\"og:site_name\" content=\"elpajarrako.com\" \/>\n<meta property=\"article:modified_time\" content=\"2025-03-23T13:02:38+00:00\" \/>\n<meta property=\"og:image\" content=\"https:\/\/elpajarrako.com\/wp-content\/uploads\/2025\/03\/Captura-de-pantalla-2025-03-12-095243.png\" \/>\n\t<meta property=\"og:image:width\" content=\"491\" \/>\n\t<meta property=\"og:image:height\" content=\"679\" \/>\n\t<meta property=\"og:image:type\" content=\"image\/png\" \/>\n<meta name=\"twitter:card\" content=\"summary_large_image\" \/>\n<meta name=\"twitter:label1\" content=\"Est. reading time\" \/>\n\t<meta name=\"twitter:data1\" content=\"1 minute\" \/>\n<script type=\"application\/ld+json\" class=\"yoast-schema-graph\">{\"@context\":\"https:\/\/schema.org\",\"@graph\":[{\"@type\":\"WebPage\",\"@id\":\"https:\/\/elpajarrako.com\/producto\/polo-hombre\/\",\"url\":\"https:\/\/elpajarrako.com\/producto\/polo-hombre\/\",\"name\":\"Polo hombre - elpajarrako.com\",\"isPartOf\":{\"@id\":\"https:\/\/www.elpajarrako.com\/#website\"},\"primaryImageOfPage\":{\"@id\":\"https:\/\/elpajarrako.com\/producto\/polo-hombre\/#primaryimage\"},\"image\":{\"@id\":\"https:\/\/elpajarrako.com\/producto\/polo-hombre\/#primaryimage\"},\"thumbnailUrl\":\"https:\/\/elpajarrako.com\/wp-content\/uploads\/2025\/03\/Captura-de-pantalla-2025-03-12-095243.png\",\"datePublished\":\"2025-03-11T12:44:37+00:00\",\"dateModified\":\"2025-03-23T13:02:38+00:00\",\"breadcrumb\":{\"@id\":\"https:\/\/elpajarrako.com\/producto\/polo-hombre\/#breadcrumb\"},\"inLanguage\":\"en-US\",\"potentialAction\":[{\"@type\":\"ReadAction\",\"target\":[\"https:\/\/elpajarrako.com\/producto\/polo-hombre\/\"]}]},{\"@type\":\"ImageObject\",\"inLanguage\":\"en-US\",\"@id\":\"https:\/\/elpajarrako.com\/producto\/polo-hombre\/#primaryimage\",\"url\":\"https:\/\/elpajarrako.com\/wp-content\/uploads\/2025\/03\/Captura-de-pantalla-2025-03-12-095243.png\",\"contentUrl\":\"https:\/\/elpajarrako.com\/wp-content\/uploads\/2025\/03\/Captura-de-pantalla-2025-03-12-095243.png\",\"width\":491,\"height\":679},{\"@type\":\"BreadcrumbList\",\"@id\":\"https:\/\/elpajarrako.com\/producto\/polo-hombre\/#breadcrumb\",\"itemListElement\":[{\"@type\":\"ListItem\",\"position\":1,\"name\":\"Home\",\"item\":\"https:\/\/www.elpajarrako.com\/\"},{\"@type\":\"ListItem\",\"position\":2,\"name\":\"Tienda\",\"item\":\"https:\/\/www.elpajarrako.com\/\"},{\"@type\":\"ListItem\",\"position\":3,\"name\":\"Polo hombre\"}]},{\"@type\":\"WebSite\",\"@id\":\"https:\/\/www.elpajarrako.com\/#website\",\"url\":\"https:\/\/www.elpajarrako.com\/\",\"name\":\"elpajarrako.com\",\"description\":\"\",\"potentialAction\":[{\"@type\":\"SearchAction\",\"target\":{\"@type\":\"EntryPoint\",\"urlTemplate\":\"https:\/\/www.elpajarrako.com\/?s={search_term_string}\"},\"query-input\":{\"@type\":\"PropertyValueSpecification\",\"valueRequired\":true,\"valueName\":\"search_term_string\"}}],\"inLanguage\":\"en-US\"}]}<\/script>\n<!-- \/ Yoast SEO plugin. -->","yoast_head_json":{"title":"Polo hombre - elpajarrako.com","robots":{"index":"index","follow":"follow","max-snippet":"max-snippet:-1","max-image-preview":"max-image-preview:large","max-video-preview":"max-video-preview:-1"},"canonical":"https:\/\/elpajarrako.com\/en\/product\/polo-hombre\/","og_locale":"en_US","og_type":"article","og_title":"Polo hombre - elpajarrako.com","og_description":"65% poli\u00e9ster \/ 35% algod\u00f3n. Cuello y bajo de mangas con canal\u00e9 1&#215;1. Tapeta con 3 botones a tono. Bot\u00f3n recambio cosido en el interior. Tira cubrecosturas en el cuello. Costuras reforzadas en hombros. Lavable a 60\u00b0C.","og_url":"https:\/\/elpajarrako.com\/en\/product\/polo-hombre\/","og_site_name":"elpajarrako.com","article_modified_time":"2025-03-23T13:02:38+00:00","og_image":[{"width":491,"height":679,"url":"https:\/\/elpajarrako.com\/wp-content\/uploads\/2025\/03\/Captura-de-pantalla-2025-03-12-095243.png","type":"image\/png"}],"twitter_card":"summary_large_image","twitter_misc":{"Est. reading time":"1 minute"},"schema":{"@context":"https:\/\/schema.org","@graph":[{"@type":"WebPage","@id":"https:\/\/elpajarrako.com\/producto\/polo-hombre\/","url":"https:\/\/elpajarrako.com\/producto\/polo-hombre\/","name":"Polo hombre - elpajarrako.com","isPartOf":{"@id":"https:\/\/www.elpajarrako.com\/#website"},"primaryImageOfPage":{"@id":"https:\/\/elpajarrako.com\/producto\/polo-hombre\/#primaryimage"},"image":{"@id":"https:\/\/elpajarrako.com\/producto\/polo-hombre\/#primaryimage"},"thumbnailUrl":"https:\/\/elpajarrako.com\/wp-content\/uploads\/2025\/03\/Captura-de-pantalla-2025-03-12-095243.png","datePublished":"2025-03-11T12:44:37+00:00","dateModified":"2025-03-23T13:02:38+00:00","breadcrumb":{"@id":"https:\/\/elpajarrako.com\/producto\/polo-hombre\/#breadcrumb"},"inLanguage":"en-US","potentialAction":[{"@type":"ReadAction","target":["https:\/\/elpajarrako.com\/producto\/polo-hombre\/"]}]},{"@type":"ImageObject","inLanguage":"en-US","@id":"https:\/\/elpajarrako.com\/producto\/polo-hombre\/#primaryimage","url":"https:\/\/elpajarrako.com\/wp-content\/uploads\/2025\/03\/Captura-de-pantalla-2025-03-12-095243.png","contentUrl":"https:\/\/elpajarrako.com\/wp-content\/uploads\/2025\/03\/Captura-de-pantalla-2025-03-12-095243.png","width":491,"height":679},{"@type":"BreadcrumbList","@id":"https:\/\/elpajarrako.com\/producto\/polo-hombre\/#breadcrumb","itemListElement":[{"@type":"ListItem","position":1,"name":"Home","item":"https:\/\/www.elpajarrako.com\/"},{"@type":"ListItem","position":2,"name":"Tienda","item":"https:\/\/www.elpajarrako.com\/"},{"@type":"ListItem","position":3,"name":"Polo hombre"}]},{"@type":"WebSite","@id":"https:\/\/www.elpajarrako.com\/#website","url":"https:\/\/www.elpajarrako.com\/","name":"elpajarrako.com","description":"","potentialAction":[{"@type":"SearchAction","target":{"@type":"EntryPoint","urlTemplate":"https:\/\/www.elpajarrako.com\/?s={search_term_string}"},"query-input":{"@type":"PropertyValueSpecification","valueRequired":true,"valueName":"search_term_string"}}],"inLanguage":"en-US"}]}},"_links":{"self":[{"href":"https:\/\/elpajarrako.com\/en\/wp-json\/wp\/v2\/product\/90","targetHints":{"allow":["GET"]}}],"collection":[{"href":"https:\/\/elpajarrako.com\/en\/wp-json\/wp\/v2\/product"}],"about":[{"href":"https:\/\/elpajarrako.com\/en\/wp-json\/wp\/v2\/types\/product"}],"wp:featuredmedia":[{"embeddable":true,"href":"https:\/\/elpajarrako.com\/en\/wp-json\/wp\/v2\/media\/119"}],"wp:attachment":[{"href":"https:\/\/elpajarrako.com\/en\/wp-json\/wp\/v2\/media?parent=90"}],"wp:term":[{"taxonomy":"product_brand","embeddable":true,"href":"https:\/\/elpajarrako.com\/en\/wp-json\/wp\/v2\/product_brand?post=90"},{"taxonomy":"product_cat","embeddable":true,"href":"https:\/\/elpajarrako.com\/en\/wp-json\/wp\/v2\/product_cat?post=90"},{"taxonomy":"product_tag","embeddable":true,"href":"https:\/\/elpajarrako.com\/en\/wp-json\/wp\/v2\/product_tag?post=90"}],"curies":[{"name":"wp","href":"https:\/\/api.w.org\/{rel}","templated":true}]}}